{"id":958,"date":"2016-12-05T14:56:18","date_gmt":"2016-12-05T14:56:18","guid":{"rendered":"http:\/\/www.60plusriggisberg.ch\/?page_id=958"},"modified":"2026-02-11T16:41:50","modified_gmt":"2026-02-11T16:41:50","slug":"jahresprogramm","status":"publish","type":"page","link":"https:\/\/www.60plusriggisberg.ch\/?page_id=958","title":{"rendered":"Jahresprogramm"},"content":{"rendered":"<div  class='avia-slideshow av-1ujlha-ffd9728b738e3290ff331b9a881a534f avia-slideshow-featured av_slideshow avia-fade-slider  avia-builder-el-0  el_before_av_one_full  avia-builder-el-first  av-slideshow-ui av-control-hidden av-no-slider-navigation av-hide-nav-arrows av-slideshow-autoplay av-loop-endless av-loop-manual-endless av-default-height-applied avia-slideshow-1' data-slideshow-options=\"{&quot;animation&quot;:&quot;fade&quot;,&quot;autoplay&quot;:true,&quot;loop_autoplay&quot;:&quot;endless&quot;,&quot;interval&quot;:5,&quot;loop_manual&quot;:&quot;manual-endless&quot;,&quot;autoplay_stopper&quot;:false,&quot;noNavigation&quot;:true,&quot;bg_slider&quot;:false,&quot;keep_padding&quot;:false,&quot;hoverpause&quot;:false,&quot;show_slide_delay&quot;:0}\"  itemprop=\"image\" itemscope=\"itemscope\" itemtype=\"https:\/\/schema.org\/ImageObject\" ><ul class='avia-slideshow-inner ' style='padding-bottom: 46.739130434783%;'><li  class='avia-slideshow-slide av-1ujlha-ffd9728b738e3290ff331b9a881a534f__0  av-single-slide slide-1 slide-odd'><div data-rel='slideshow-1' class='avia-slide-wrap '   ><img decoding=\"async\" fetchpriority=\"high\" class=\"wp-image-2352 avia-img-lazy-loading-not-2352\"  src=\"https:\/\/www.60plusriggisberg.ch\/wp-content\/uploads\/2015\/10\/aaaaa-920x430.jpg\" width=\"920\" height=\"430\" title='Unsere Angebote' alt=''  itemprop=\"thumbnailUrl\"   \/><\/div><\/li><\/ul><\/div>\n\n<style type=\"text\/css\" data-created_by=\"avia_inline_auto\" id=\"style-css-av-1l6c9y-5115d8adc1dc679ebeaaab69915f6105\">\n#top .flex_column.av-1l6c9y-5115d8adc1dc679ebeaaab69915f6105{\nmargin-top:0px;\nmargin-bottom:0px;\n}\n.flex_column.av-1l6c9y-5115d8adc1dc679ebeaaab69915f6105{\nborder-radius:0px 0px 0px 0px;\npadding:0px 0px 0px 0px;\n}\n.responsive #top #wrap_all .flex_column.av-1l6c9y-5115d8adc1dc679ebeaaab69915f6105{\nmargin-top:0px;\nmargin-bottom:0px;\n}\n<\/style>\n<div  class='flex_column av-1l6c9y-5115d8adc1dc679ebeaaab69915f6105 av_one_full  avia-builder-el-1  el_after_av_slideshow  el_before_av_one_full  first flex_column_div av-animated-generic bottom-to-top av-zero-column-padding  '     ><p>\n<style type=\"text\/css\" data-created_by=\"avia_inline_auto\" id=\"style-css-av-1cbyuu-c36d5dd040f7f73fbbcb35f65d676728\">\n#top .av-special-heading.av-1cbyuu-c36d5dd040f7f73fbbcb35f65d676728{\npadding-bottom:0;\n}\nbody .av-special-heading.av-1cbyuu-c36d5dd040f7f73fbbcb35f65d676728 .av-special-heading-tag .heading-char{\nfont-size:25px;\n}\n.av-special-heading.av-1cbyuu-c36d5dd040f7f73fbbcb35f65d676728 .av-subheading{\nfont-size:15px;\n}\n<\/style>\n<div  class='av-special-heading av-1cbyuu-c36d5dd040f7f73fbbcb35f65d676728 av-special-heading-h2 blockquote modern-quote  avia-builder-el-2  el_before_av_hr  avia-builder-el-first '><h2 class='av-special-heading-tag '  itemprop=\"headline\"  >Jahresprogramm<\/h2><div class=\"special-heading-border\"><div class=\"special-heading-inner-border\"><\/div><\/div><\/div><br \/>\n\n<style type=\"text\/css\" data-created_by=\"avia_inline_auto\" id=\"style-css-av-ge8u-fd308f5ff918e79b27adfb667d0d2e41\">\n#top .hr.av-ge8u-fd308f5ff918e79b27adfb667d0d2e41{\nmargin-top:10px;\nmargin-bottom:10px;\n}\n.hr.av-ge8u-fd308f5ff918e79b27adfb667d0d2e41 .hr-inner{\nwidth:50px;\nborder-color:#2b0b28;\n}\n<\/style>\n<div  class='hr av-ge8u-fd308f5ff918e79b27adfb667d0d2e41 hr-custom  avia-builder-el-3  el_after_av_heading  avia-builder-el-last  hr-left hr-icon-no'><span class='hr-inner inner-border-av-border-fat'><span class=\"hr-inner-style\"><\/span><\/span><\/div><\/p><\/div>\n\n<style type=\"text\/css\" data-created_by=\"avia_inline_auto\" id=\"style-css-av-14adpa-3237411a839e68cd340c421d0c383f7b\">\n.flex_column.av-14adpa-3237411a839e68cd340c421d0c383f7b{\nborder-radius:0px 0px 0px 0px;\npadding:0px 0px 0px 0px;\n}\n<\/style>\n<div  class='flex_column av-14adpa-3237411a839e68cd340c421d0c383f7b av_one_full  avia-builder-el-4  el_after_av_one_full  el_before_av_one_full  first flex_column_div av-zero-column-padding  column-top-margin'     ><section  class='av_textblock_section av-x8h9q-211d6c1b5f78292f9a7eb708aa46eaa7 '   itemscope=\"itemscope\" itemtype=\"https:\/\/schema.org\/CreativeWork\" ><div class='avia_textblock'  itemprop=\"text\" ><p><span style=\"font-size: 14pt;\"><span style=\"color: rgba(51, 51, 51, 1);\">Lebensfreude sowie geistige und k\u00f6rperliche Gesundheit k\u00f6nnen durch aktive T\u00e4tigkeiten und soziale Kontakte gepflegt und gef\u00f6rdert werden. Wir unterst\u00fctzen dies mit geeigneten Angeboten. Unser Jahresprogramm erscheint jeweils im Februar.<\/span><\/span><\/p>\n<h4><\/h4>\n<\/div><\/section><\/div>\n\n<style type=\"text\/css\" data-created_by=\"avia_inline_auto\" id=\"style-css-av-q93vy-c4c52a5447bf1b12fccf24191adfbc0b\">\n.flex_column.av-q93vy-c4c52a5447bf1b12fccf24191adfbc0b{\nborder-radius:0px 0px 0px 0px;\npadding:0px 0px 0px 0px;\n}\n<\/style>\n<div  class='flex_column av-q93vy-c4c52a5447bf1b12fccf24191adfbc0b av_one_full  avia-builder-el-6  el_after_av_one_full  avia-builder-el-last  first flex_column_div av-animated-generic bottom-to-top av-zero-column-padding  column-top-margin'     ><div  class='togglecontainer av-njssu-85d667eed8bc7bd217ec94aff0a29fa6  avia-builder-el-7  avia-builder-el-no-sibling  toggle_close_all' >\n<section class='av_toggle_section av-9o7gm-c3a4e6c5c55c9ccdff29cfc053855a16'  itemscope=\"itemscope\" itemtype=\"https:\/\/schema.org\/CreativeWork\" ><div role=\"tablist\" class=\"single_toggle\" data-tags=\"{Alle} \"  ><p id='toggle-toggle-id-1' data-fake-id='#toggle-id-1' class='toggler  activeTitle av-title-above '  itemprop=\"headline\"  role='tab' tabindex='0' aria-controls='toggle-id-1' data-slide-speed=\"200\" data-title=\"Jahresprogramm\" data-title-open=\"\" data-aria_collapsed=\"Click to expand: Jahresprogramm\" data-aria_expanded=\"Click to collapse: Jahresprogramm\">Jahresprogramm<span class=\"toggle_icon\"><span class=\"vert_icon\"><\/span><span class=\"hor_icon\"><\/span><\/span><\/p><div id='toggle-id-1' aria-labelledby='toggle-toggle-id-1' role='region' class='toggle_wrap  active_tc av-title-above' style='display:block;' ><div class='toggle_content invers-color '  itemprop=\"text\" ><p><span style=\"color: rgba(51, 51, 51, 1); font-size: 14pt;\"><span style=\"color: rgba(51, 51, 51, 1);\">Veranstaltungsprogramm 2026<a href=\"https:\/\/www.60plusriggisberg.ch\/wp-content\/uploads\/2026\/02\/Veranstaltungsprogramm-2026.pdf\"><img loading=\"lazy\" decoding=\"async\" class=\"alignleft wp-image-2938 size-full\" src=\"https:\/\/www.60plusriggisberg.ch\/wp-content\/uploads\/2016\/12\/PDF_downlaod-e1490553309349.png\" alt=\"\" width=\"80\" height=\"79\" \/><\/a><br \/>\n<\/span><\/span><\/p>\n<\/div><\/div><\/div><\/section>\n<\/div><\/div>\n","protected":false},"excerpt":{"rendered":"","protected":false},"author":1,"featured_media":0,"parent":255,"menu_order":0,"comment_status":"closed","ping_status":"closed","template":"","meta":{"footnotes":""},"class_list":["post-958","page","type-page","status-publish","hentry"],"aioseo_notices":[],"_links":{"self":[{"href":"https:\/\/www.60plusriggisberg.ch\/index.php?rest_route=\/wp\/v2\/pages\/958","targetHints":{"allow":["GET"]}}],"collection":[{"href":"https:\/\/www.60plusriggisberg.ch\/index.php?rest_route=\/wp\/v2\/pages"}],"about":[{"href":"https:\/\/www.60plusriggisberg.ch\/index.php?rest_route=\/wp\/v2\/types\/page"}],"author":[{"embeddable":true,"href":"https:\/\/www.60plusriggisberg.ch\/index.php?rest_route=\/wp\/v2\/users\/1"}],"replies":[{"embeddable":true,"href":"https:\/\/www.60plusriggisberg.ch\/index.php?rest_route=%2Fwp%2Fv2%2Fcomments&post=958"}],"version-history":[{"count":75,"href":"https:\/\/www.60plusriggisberg.ch\/index.php?rest_route=\/wp\/v2\/pages\/958\/revisions"}],"predecessor-version":[{"id":7747,"href":"https:\/\/www.60plusriggisberg.ch\/index.php?rest_route=\/wp\/v2\/pages\/958\/revisions\/7747"}],"up":[{"embeddable":true,"href":"https:\/\/www.60plusriggisberg.ch\/index.php?rest_route=\/wp\/v2\/pages\/255"}],"wp:attachment":[{"href":"https:\/\/www.60plusriggisberg.ch\/index.php?rest_route=%2Fwp%2Fv2%2Fmedia&parent=958"}],"curies":[{"name":"wp","href":"https:\/\/api.w.org\/{rel}","templated":true}]}}