{"id":803,"date":"2016-11-05T01:42:50","date_gmt":"2016-11-05T01:42:50","guid":{"rendered":"http:\/\/www.60plusriggisberg.ch\/?page_id=803"},"modified":"2019-03-07T15:11:44","modified_gmt":"2019-03-07T15:11:44","slug":"generationenprojekte04","status":"publish","type":"page","link":"https:\/\/www.60plusriggisberg.ch\/?page_id=803","title":{"rendered":"win3"},"content":{"rendered":"<div  class='avia-slideshow av-av_slideshow-8fced049ccd559e945bdbf8d97b891d0 avia-slideshow-featured_large av_slideshow avia-fade-slider  avia-builder-el-0  el_before_av_one_full  avia-builder-el-first  av-slideshow-ui av-control-hidden av-no-slider-navigation av-hide-nav-arrows av-slideshow-autoplay av-loop-endless av-loop-manual-endless av-default-height-applied avia-slideshow-1' data-slideshow-options=\"{&quot;animation&quot;:&quot;fade&quot;,&quot;autoplay&quot;:true,&quot;loop_autoplay&quot;:&quot;endless&quot;,&quot;interval&quot;:5,&quot;loop_manual&quot;:&quot;manual-endless&quot;,&quot;autoplay_stopper&quot;:false,&quot;noNavigation&quot;:true,&quot;bg_slider&quot;:false,&quot;keep_padding&quot;:false,&quot;hoverpause&quot;:false,&quot;show_slide_delay&quot;:0}\"  itemprop=\"image\" itemscope=\"itemscope\" itemtype=\"https:\/\/schema.org\/ImageObject\" ><ul class='avia-slideshow-inner ' style='padding-bottom: 24%;'><li  class='avia-slideshow-slide av-av_slideshow-8fced049ccd559e945bdbf8d97b891d0__0  slide-1 slide-odd'><div data-rel='slideshow-1' class='avia-slide-wrap '   ><img decoding=\"async\" fetchpriority=\"high\" class=\"wp-image-1709 avia-img-lazy-loading-not-1709\"  src=\"https:\/\/www.60plusriggisberg.ch\/wp-content\/uploads\/2017\/01\/sr_win3_01.jpg\" width=\"1250\" height=\"300\" title='eine Lehrperson an der Wandtafel' alt=''  itemprop=\"thumbnailUrl\" srcset=\"https:\/\/www.60plusriggisberg.ch\/wp-content\/uploads\/2017\/01\/sr_win3_01.jpg 1250w, https:\/\/www.60plusriggisberg.ch\/wp-content\/uploads\/2017\/01\/sr_win3_01-300x72.jpg 300w, https:\/\/www.60plusriggisberg.ch\/wp-content\/uploads\/2017\/01\/sr_win3_01-768x184.jpg 768w, https:\/\/www.60plusriggisberg.ch\/wp-content\/uploads\/2017\/01\/sr_win3_01-1030x247.jpg 1030w, https:\/\/www.60plusriggisberg.ch\/wp-content\/uploads\/2017\/01\/sr_win3_01-705x169.jpg 705w, https:\/\/www.60plusriggisberg.ch\/wp-content\/uploads\/2017\/01\/sr_win3_01-450x108.jpg 450w\" sizes=\"(max-width: 1250px) 100vw, 1250px\" \/><\/div><\/li><li  class='avia-slideshow-slide av-av_slideshow-8fced049ccd559e945bdbf8d97b891d0__1  slide-2 slide-even'><div data-rel='slideshow-1' class='avia-slide-wrap '   ><img decoding=\"async\" fetchpriority=\"high\" class=\"wp-image-1711 avia-img-lazy-loading-not-1711\"  src=\"https:\/\/www.60plusriggisberg.ch\/wp-content\/uploads\/2017\/01\/sr_win3_03.jpg\" width=\"1250\" height=\"300\" title='Senior im Klassenzimmer' alt=''  itemprop=\"thumbnailUrl\" srcset=\"https:\/\/www.60plusriggisberg.ch\/wp-content\/uploads\/2017\/01\/sr_win3_03.jpg 1250w, https:\/\/www.60plusriggisberg.ch\/wp-content\/uploads\/2017\/01\/sr_win3_03-300x72.jpg 300w, https:\/\/www.60plusriggisberg.ch\/wp-content\/uploads\/2017\/01\/sr_win3_03-768x184.jpg 768w, https:\/\/www.60plusriggisberg.ch\/wp-content\/uploads\/2017\/01\/sr_win3_03-1030x247.jpg 1030w, https:\/\/www.60plusriggisberg.ch\/wp-content\/uploads\/2017\/01\/sr_win3_03-705x169.jpg 705w, https:\/\/www.60plusriggisberg.ch\/wp-content\/uploads\/2017\/01\/sr_win3_03-450x108.jpg 450w\" sizes=\"(max-width: 1250px) 100vw, 1250px\" \/><\/div><\/li><li  class='avia-slideshow-slide av-av_slideshow-8fced049ccd559e945bdbf8d97b891d0__2  slide-3 slide-odd'><div data-rel='slideshow-1' class='avia-slide-wrap '   ><img decoding=\"async\" fetchpriority=\"high\" class=\"wp-image-1710 avia-img-lazy-loading-not-1710\"  src=\"https:\/\/www.60plusriggisberg.ch\/wp-content\/uploads\/2017\/01\/sr_win3_02.jpg\" width=\"1250\" height=\"300\" title='Seniorin im Klassenzimmer' alt=''  itemprop=\"thumbnailUrl\" srcset=\"https:\/\/www.60plusriggisberg.ch\/wp-content\/uploads\/2017\/01\/sr_win3_02.jpg 1250w, https:\/\/www.60plusriggisberg.ch\/wp-content\/uploads\/2017\/01\/sr_win3_02-300x72.jpg 300w, https:\/\/www.60plusriggisberg.ch\/wp-content\/uploads\/2017\/01\/sr_win3_02-768x184.jpg 768w, https:\/\/www.60plusriggisberg.ch\/wp-content\/uploads\/2017\/01\/sr_win3_02-1030x247.jpg 1030w, https:\/\/www.60plusriggisberg.ch\/wp-content\/uploads\/2017\/01\/sr_win3_02-705x169.jpg 705w, https:\/\/www.60plusriggisberg.ch\/wp-content\/uploads\/2017\/01\/sr_win3_02-450x108.jpg 450w\" sizes=\"(max-width: 1250px) 100vw, 1250px\" \/><\/div><\/li><\/ul><div class='avia-slideshow-arrows avia-slideshow-controls' ><a href='#prev' class='prev-slide ' aria-hidden='true' data-av_icon='\ue87c' data-av_iconfont='entypo-fontello'  tabindex='-1'>Zur\u00fcck<\/a><a href='#next' class='next-slide ' aria-hidden='true' data-av_icon='\ue87d' data-av_iconfont='entypo-fontello'  tabindex='-1'>Weiter<\/a><\/div><\/div>\n\n<style type=\"text\/css\" data-created_by=\"avia_inline_auto\" id=\"style-css-av-av_one_full-49e29109d35428f282e8078954bb78df\">\n#top .flex_column.av-av_one_full-49e29109d35428f282e8078954bb78df{\nmargin-top:0px;\nmargin-bottom:0px;\n}\n.flex_column.av-av_one_full-49e29109d35428f282e8078954bb78df{\nborder-radius:0px 0px 0px 0px;\npadding:0px 0px 0px 0px;\n}\n.responsive #top #wrap_all .flex_column.av-av_one_full-49e29109d35428f282e8078954bb78df{\nmargin-top:0px;\nmargin-bottom:0px;\n}\n<\/style>\n<div  class='flex_column av-av_one_full-49e29109d35428f282e8078954bb78df av_one_full  avia-builder-el-1  el_after_av_slideshow  el_before_av_one_full  first flex_column_div av-animated-generic bottom-to-top av-zero-column-padding  '     ><p>\n<style type=\"text\/css\" data-created_by=\"avia_inline_auto\" id=\"style-css-av-av_heading-0a7dbc5c9a9c85f724f349a0faf86c8c\">\n#top .av-special-heading.av-av_heading-0a7dbc5c9a9c85f724f349a0faf86c8c{\npadding-bottom:0;\n}\nbody .av-special-heading.av-av_heading-0a7dbc5c9a9c85f724f349a0faf86c8c .av-special-heading-tag .heading-char{\nfont-size:25px;\n}\n.av-special-heading.av-av_heading-0a7dbc5c9a9c85f724f349a0faf86c8c .av-subheading{\nfont-size:15px;\n}\n<\/style>\n<div  class='av-special-heading av-av_heading-0a7dbc5c9a9c85f724f349a0faf86c8c av-special-heading-h2 blockquote modern-quote  avia-builder-el-2  el_before_av_hr  avia-builder-el-first '><h2 class='av-special-heading-tag '  itemprop=\"headline\"  >win 3<\/h2><div class=\"special-heading-border\"><div class=\"special-heading-inner-border\"><\/div><\/div><\/div><br \/>\n\n<style type=\"text\/css\" data-created_by=\"avia_inline_auto\" id=\"style-css-av-av_hr-086523363808f67f705115e60f854d45\">\n#top .hr.av-av_hr-086523363808f67f705115e60f854d45{\nmargin-top:10px;\nmargin-bottom:10px;\n}\n.hr.av-av_hr-086523363808f67f705115e60f854d45 .hr-inner{\nwidth:50px;\nborder-color:#2b0b28;\n}\n<\/style>\n<div  class='hr av-av_hr-086523363808f67f705115e60f854d45 hr-custom  avia-builder-el-3  el_after_av_heading  avia-builder-el-last  hr-left hr-icon-no'><span class='hr-inner inner-border-av-border-fat'><span class=\"hr-inner-style\"><\/span><\/span><\/div><\/p><\/div>\n\n<style type=\"text\/css\" data-created_by=\"avia_inline_auto\" id=\"style-css-av-av_one_full-93407bb19249d2c06b1ab9d23b9661df\">\n#top .flex_column.av-av_one_full-93407bb19249d2c06b1ab9d23b9661df{\nmargin-top:0px;\nmargin-bottom:0px;\n}\n.flex_column.av-av_one_full-93407bb19249d2c06b1ab9d23b9661df{\nborder-radius:0px 0px 0px 0px;\npadding:0px 0px 0px 0px;\n}\n.responsive #top #wrap_all .flex_column.av-av_one_full-93407bb19249d2c06b1ab9d23b9661df{\nmargin-top:0px;\nmargin-bottom:0px;\n}\n<\/style>\n<div  class='flex_column av-av_one_full-93407bb19249d2c06b1ab9d23b9661df av_one_full  avia-builder-el-4  el_after_av_one_full  el_before_av_one_full  first flex_column_div av-zero-column-padding  column-top-margin'     ><section  class='av_textblock_section av-av_textblock-0366cc7376be6c9e82a3e9cc8987b64f '   itemscope=\"itemscope\" itemtype=\"https:\/\/schema.org\/CreativeWork\" ><div class='avia_textblock'  itemprop=\"text\" ><h3><span style=\"color: rgba(51, 51, 51, 1);\">Win3: Kind, Lehrperson, Senior\/in = ein Gewinn!<\/span><\/h3>\n<p><span style=\"color: rgba(51, 51, 51, 1); font-size: 14pt;\">Dieses Generationenprojekt der <strong>Pro Senectute<\/strong> kann allen daran\u00a0Beteiligten viel Freude und Befriedigung bringen. Jede Woche steht der Senior, die Seniorin w\u00e4hrend zwei bis vier Stunden in einer Schulklasse oder einem Kindergarten freiwillig im Einsatz.<\/span><\/p>\n<p><span style=\"color: rgba(51, 51, 51, 1); font-size: 14pt;\">Win3 schl\u00e4gt Br\u00fccken zwischen Jung und Alt und bietet den Beteiligten die M\u00f6glichkeit, eigene Bilder zu \u00fcberpr\u00fcfen und neue Einsichten zu gewinnen.<\/span><\/p>\n<\/div><\/section><\/div>\n\n<style type=\"text\/css\" data-created_by=\"avia_inline_auto\" id=\"style-css-av-av_one_full-d71a51a707c4656b37c9afbbd6138215\">\n.flex_column.av-av_one_full-d71a51a707c4656b37c9afbbd6138215{\nborder-radius:0px 0px 0px 0px;\npadding:0px 0px 0px 0px;\n}\n<\/style>\n<div  class='flex_column av-av_one_full-d71a51a707c4656b37c9afbbd6138215 av_one_full  avia-builder-el-6  el_after_av_one_full  avia-builder-el-last  first flex_column_div av-animated-generic bottom-to-top av-zero-column-padding  column-top-margin'     ><div  class='togglecontainer av-av_toggle_container-58d3b55d78679e2c4a6f7b2e625e97f8  avia-builder-el-7  avia-builder-el-no-sibling  toggle_close_all' >\n<section class='av_toggle_section av-av_toggle-806c2c49a6d7d5591bec6e2556f37f5c'  itemscope=\"itemscope\" itemtype=\"https:\/\/schema.org\/CreativeWork\" ><div role=\"tablist\" class=\"single_toggle\" data-tags=\"{Alle} \"  ><p id='toggle-toggle-id-1' data-fake-id='#toggle-id-1' class='toggler  activeTitle av-title-above '  itemprop=\"headline\"  role='tab' tabindex='0' aria-controls='toggle-id-1' data-slide-speed=\"200\" data-title=\"Win3\" data-title-open=\"\" data-aria_collapsed=\"Click to expand: Win3\" data-aria_expanded=\"Click to collapse: Win3\">Win3<span class=\"toggle_icon\"><span class=\"vert_icon\"><\/span><span class=\"hor_icon\"><\/span><\/span><\/p><div id='toggle-id-1' aria-labelledby='toggle-toggle-id-1' role='region' class='toggle_wrap  active_tc av-title-above' style='display:block;' ><div class='toggle_content invers-color '  itemprop=\"text\" ><p><span style=\"color: rgba(51, 51, 51, 1); font-size: 16pt;\"><a href=\"https:\/\/be.prosenectute.ch\/de\/engagement\/gererationen-im-klassenzimmer.html\"><img loading=\"lazy\" decoding=\"async\" class=\"alignleft wp-image-3772 size-full\" src=\"https:\/\/www.60plusriggisberg.ch\/wp-content\/uploads\/2016\/11\/win3-1.jpg\" alt=\"\" width=\"146\" height=\"93\" \/><\/a><br \/>\n<\/span><\/p>\n<p><span style=\"color: rgba(51, 51, 51, 1); font-size: 16pt;\">Hier erfahren Sie mehr \u00fcber win3<\/span><\/p>\n<\/div><\/div><\/div><\/section>\n<\/div><\/div>\n","protected":false},"excerpt":{"rendered":"","protected":false},"author":1,"featured_media":0,"parent":790,"menu_order":0,"comment_status":"closed","ping_status":"closed","template":"","meta":{"footnotes":""},"class_list":["post-803","page","type-page","status-publish","hentry"],"aioseo_notices":[],"_links":{"self":[{"href":"https:\/\/www.60plusriggisberg.ch\/index.php?rest_route=\/wp\/v2\/pages\/803","targetHints":{"allow":["GET"]}}],"collection":[{"href":"https:\/\/www.60plusriggisberg.ch\/index.php?rest_route=\/wp\/v2\/pages"}],"about":[{"href":"https:\/\/www.60plusriggisberg.ch\/index.php?rest_route=\/wp\/v2\/types\/page"}],"author":[{"embeddable":true,"href":"https:\/\/www.60plusriggisberg.ch\/index.php?rest_route=\/wp\/v2\/users\/1"}],"replies":[{"embeddable":true,"href":"https:\/\/www.60plusriggisberg.ch\/index.php?rest_route=%2Fwp%2Fv2%2Fcomments&post=803"}],"version-history":[{"count":25,"href":"https:\/\/www.60plusriggisberg.ch\/index.php?rest_route=\/wp\/v2\/pages\/803\/revisions"}],"predecessor-version":[{"id":7738,"href":"https:\/\/www.60plusriggisberg.ch\/index.php?rest_route=\/wp\/v2\/pages\/803\/revisions\/7738"}],"up":[{"embeddable":true,"href":"https:\/\/www.60plusriggisberg.ch\/index.php?rest_route=\/wp\/v2\/pages\/790"}],"wp:attachment":[{"href":"https:\/\/www.60plusriggisberg.ch\/index.php?rest_route=%2Fwp%2Fv2%2Fmedia&parent=803"}],"curies":[{"name":"wp","href":"https:\/\/api.w.org\/{rel}","templated":true}]}}