{"id":755,"date":"2016-11-05T01:13:00","date_gmt":"2016-11-05T01:13:00","guid":{"rendered":"http:\/\/www.60plusriggisberg.ch\/?page_id=755"},"modified":"2025-05-11T15:41:40","modified_gmt":"2025-05-11T15:41:40","slug":"alterspolitisch02","status":"publish","type":"page","link":"https:\/\/www.60plusriggisberg.ch\/?page_id=755","title":{"rendered":"Demografische Daten"},"content":{"rendered":"<div  class='avia-slideshow av-22ll4z-49714538d53d675f65a3aefcf22a9c7b avia-slideshow-entry_with_sidebar av_slideshow avia-fade-slider  avia-builder-el-0  el_before_av_one_full  avia-builder-el-first  av-slideshow-ui av-control-hidden av-no-slider-navigation av-hide-nav-arrows av-slideshow-autoplay av-loop-endless av-loop-manual-endless av-default-height-applied avia-slideshow-1' data-slideshow-options=\"{&quot;animation&quot;:&quot;fade&quot;,&quot;autoplay&quot;:true,&quot;loop_autoplay&quot;:&quot;endless&quot;,&quot;interval&quot;:5,&quot;loop_manual&quot;:&quot;manual-endless&quot;,&quot;autoplay_stopper&quot;:false,&quot;noNavigation&quot;:true,&quot;bg_slider&quot;:false,&quot;keep_padding&quot;:false,&quot;hoverpause&quot;:false,&quot;show_slide_delay&quot;:0}\"  itemprop=\"image\" itemscope=\"itemscope\" itemtype=\"https:\/\/schema.org\/ImageObject\" ><ul class='avia-slideshow-inner ' style='padding-bottom: 37.988165680473%;'><li  class='avia-slideshow-slide av-22ll4z-49714538d53d675f65a3aefcf22a9c7b__0  slide-1 slide-odd'><div data-rel='slideshow-1' class='avia-slide-wrap '   ><img decoding=\"async\" fetchpriority=\"high\" class=\"wp-image-1620 avia-img-lazy-loading-not-1620\"  src=\"https:\/\/www.60plusriggisberg.ch\/wp-content\/uploads\/2016\/12\/sr_alterspolitisch_10-845x321.jpg\" width=\"845\" height=\"321\" title='&quot;H\u00e4nggeligritli&quot;, die M\u00e4rchenerz\u00e4hlerin' alt=''  itemprop=\"thumbnailUrl\"   \/><\/div><\/li><li  class='avia-slideshow-slide av-22ll4z-49714538d53d675f65a3aefcf22a9c7b__1  slide-2 slide-even'><div data-rel='slideshow-1' class='avia-slide-wrap '   ><img decoding=\"async\" fetchpriority=\"high\" class=\"wp-image-1612 avia-img-lazy-loading-not-1612\"  src=\"https:\/\/www.60plusriggisberg.ch\/wp-content\/uploads\/2016\/12\/sr_alterspolitisch_02-845x321.jpg\" width=\"845\" height=\"321\" title='Postauto in der R\u00fcti b. Riggisberg' alt=''  itemprop=\"thumbnailUrl\"   \/><\/div><\/li><li  class='avia-slideshow-slide av-22ll4z-49714538d53d675f65a3aefcf22a9c7b__2  slide-3 slide-odd'><div data-rel='slideshow-1' class='avia-slide-wrap '   ><img decoding=\"async\" fetchpriority=\"high\" class=\"wp-image-2364 avia-img-lazy-loading-not-2364\"  src=\"https:\/\/www.60plusriggisberg.ch\/wp-content\/uploads\/2015\/10\/Ostern-1942-845x321.jpg\" width=\"845\" height=\"321\" title='Familientreffen Ostern 1942' alt=''  itemprop=\"thumbnailUrl\"   \/><\/div><\/li><\/ul><div class='avia-slideshow-arrows avia-slideshow-controls' ><a href='#prev' class='prev-slide ' aria-hidden='true' data-av_icon='\ue87c' data-av_iconfont='entypo-fontello'  tabindex='-1'>Zur\u00fcck<\/a><a href='#next' class='next-slide ' aria-hidden='true' data-av_icon='\ue87d' data-av_iconfont='entypo-fontello'  tabindex='-1'>Weiter<\/a><\/div><\/div>\n\n<style type=\"text\/css\" data-created_by=\"avia_inline_auto\" id=\"style-css-av-1chxz7-bb89eff789227658e3ecfd0ae9a2dde7\">\n#top .flex_column.av-1chxz7-bb89eff789227658e3ecfd0ae9a2dde7{\nmargin-top:0px;\nmargin-bottom:0px;\n}\n.flex_column.av-1chxz7-bb89eff789227658e3ecfd0ae9a2dde7{\nborder-radius:0px 0px 0px 0px;\npadding:0px 0px 0px 0px;\n}\n.responsive #top #wrap_all .flex_column.av-1chxz7-bb89eff789227658e3ecfd0ae9a2dde7{\nmargin-top:0px;\nmargin-bottom:0px;\n}\n<\/style>\n<div  class='flex_column av-1chxz7-bb89eff789227658e3ecfd0ae9a2dde7 av_one_full  avia-builder-el-1  el_after_av_slideshow  el_before_av_toggle_container  first flex_column_div av-animated-generic bottom-to-top av-zero-column-padding  '     ><p>\n<style type=\"text\/css\" data-created_by=\"avia_inline_auto\" id=\"style-css-av-1af17v-6be290e33072715922b6342baff734ad\">\n#top .av-special-heading.av-1af17v-6be290e33072715922b6342baff734ad{\npadding-bottom:0;\n}\nbody .av-special-heading.av-1af17v-6be290e33072715922b6342baff734ad .av-special-heading-tag .heading-char{\nfont-size:25px;\n}\n.av-special-heading.av-1af17v-6be290e33072715922b6342baff734ad .av-subheading{\nfont-size:15px;\n}\n<\/style>\n<div  class='av-special-heading av-1af17v-6be290e33072715922b6342baff734ad av-special-heading-h2 blockquote modern-quote  avia-builder-el-2  el_before_av_hr  avia-builder-el-first '><h2 class='av-special-heading-tag '  itemprop=\"headline\"  >Demografische Daten<\/h2><div class=\"special-heading-border\"><div class=\"special-heading-inner-border\"><\/div><\/div><\/div><br \/>\n\n<style type=\"text\/css\" data-created_by=\"avia_inline_auto\" id=\"style-css-av-11tsi3-439bc4aa8566bbeac50e7751b7eec958\">\n#top .hr.av-11tsi3-439bc4aa8566bbeac50e7751b7eec958{\nmargin-top:10px;\nmargin-bottom:10px;\n}\n.hr.av-11tsi3-439bc4aa8566bbeac50e7751b7eec958 .hr-inner{\nwidth:50px;\nborder-color:#2b0b28;\n}\n<\/style>\n<div  class='hr av-11tsi3-439bc4aa8566bbeac50e7751b7eec958 hr-custom  avia-builder-el-3  el_after_av_heading  el_before_av_textblock  hr-left hr-icon-no'><span class='hr-inner inner-border-av-border-fat'><span class=\"hr-inner-style\"><\/span><\/span><\/div><br \/>\n<section  class='av_textblock_section av-vbz2b-c242e7648adcb3cbd1d2f2f4aa2d2321 '   itemscope=\"itemscope\" itemtype=\"https:\/\/schema.org\/CreativeWork\" ><div class='avia_textblock'  itemprop=\"text\" ><p><span style=\"margin: 0px; color: rgba(51, 51, 51, 1); font-family: 'Arial',sans-serif; font-size: 14pt;\">Von der zunehmenden Alterung der Bev\u00f6lkerung sind auch wir in Riggisberg betroffen. Die statistische Alterspyramide f\u00fchrt uns vor Augen, dass immer mehr Menschen ein hohes Alter erreichen. Immer \u00e4lter werden stellt jedoch nicht nur die Politik allein vor neue Herausforderungen sondern dies betrifft unsere gesamte Gesellschaft. <\/span><\/p>\n<p><span style=\"margin: 0px; color: rgba(51, 51, 51, 1); font-family: 'Arial',sans-serif; font-size: 14pt;\">Leider wird durch die Medien oft eine negatives, ein verzerrtes Bild dieser Entwicklung und ihrer Folgen verbreitet, was sich in Bezug auf die Aufgaben, die auf uns zukommen und die es zu l\u00f6sen gilt, kontraproduktiv auswirkt. <\/span><\/p>\n<\/div><\/section><\/p><\/div><div  class='togglecontainer av-rdxmz-d729e967acdbf12178cbb98a59f92a42  avia-builder-el-5  el_after_av_one_full  avia-builder-el-last  toggle_close_all' >\n<section class='av_toggle_section av-jxp03-350f2c3557a38c69502858a1430a396a'  itemscope=\"itemscope\" itemtype=\"https:\/\/schema.org\/CreativeWork\" ><div role=\"tablist\" class=\"single_toggle\" data-tags=\"{Alle} \"  ><p id='toggle-toggle-id-1' data-fake-id='#toggle-id-1' class='toggler  activeTitle av-title-above '  itemprop=\"headline\"  role='tab' tabindex='0' aria-controls='toggle-id-1' data-slide-speed=\"200\" data-title=\"Einwohnerstatistik 2019: Gemeinde Riggisberg\" data-title-open=\"\" data-aria_collapsed=\"Click to expand: Einwohnerstatistik 2019: Gemeinde Riggisberg\" data-aria_expanded=\"Click to collapse: Einwohnerstatistik 2019: Gemeinde Riggisberg\">Einwohnerstatistik 2019: Gemeinde Riggisberg<span class=\"toggle_icon\"><span class=\"vert_icon\"><\/span><span class=\"hor_icon\"><\/span><\/span><\/p><div id='toggle-id-1' aria-labelledby='toggle-toggle-id-1' role='region' class='toggle_wrap  active_tc av-title-above' style='display:block;' ><div class='toggle_content invers-color '  itemprop=\"text\" ><p><a href=\"https:\/\/www.60plusriggisberg.ch\/wp-content\/uploads\/2020\/02\/Jahrgangsbaum-per-31.12.2019-1.pdf\"><img loading=\"lazy\" decoding=\"async\" class=\"alignleft wp-image-2938 size-full\" src=\"https:\/\/www.60plusriggisberg.ch\/wp-content\/uploads\/2016\/12\/PDF_downlaod-e1490553309349.png\" alt=\"\" width=\"80\" height=\"79\" \/><\/a><span style=\"color: rgba(51, 51, 51, 1); font-size: 14pt;\">Jahrgangbaum per 31.12.2019<\/span><\/p>\n<\/div><\/div><\/div><\/section>\n<section class='av_toggle_section av-ejfy3-742ec533b3d6ccca1f7863b1af272c4d'  itemscope=\"itemscope\" itemtype=\"https:\/\/schema.org\/CreativeWork\" ><div role=\"tablist\" class=\"single_toggle\" data-tags=\"{Alle} \"  ><p id='toggle-toggle-id-2' data-fake-id='#toggle-id-2' class='toggler  av-title-above '  itemprop=\"headline\"  role='tab' tabindex='0' aria-controls='toggle-id-2' data-slide-speed=\"200\" data-title=\"Bev\u00f6lkerungsentwicklung in Riggisberg?\" data-title-open=\"\" data-aria_collapsed=\"Click to expand: Bev\u00f6lkerungsentwicklung in Riggisberg?\" data-aria_expanded=\"Click to collapse: Bev\u00f6lkerungsentwicklung in Riggisberg?\">Bev\u00f6lkerungsentwicklung in Riggisberg?<span class=\"toggle_icon\"><span class=\"vert_icon\"><\/span><span class=\"hor_icon\"><\/span><\/span><\/p><div id='toggle-id-2' aria-labelledby='toggle-toggle-id-2' role='region' class='toggle_wrap  av-title-above'  ><div class='toggle_content invers-color '  itemprop=\"text\" ><p><span style=\"color: rgba(51, 51, 51, 1); font-size: 14pt;\"><a href=\"http:\/\/www.60plusriggisberg.ch\/wp-content\/uploads\/2016\/11\/Die-demografische-Entwicklung.pdf\"><img loading=\"lazy\" decoding=\"async\" class=\"alignleft wp-image-2938 size-full\" src=\"http:\/\/www.60plusriggisberg.ch\/wp-content\/uploads\/2016\/12\/PDF_downlaod-e1490553309349.png\" alt=\"\" width=\"80\" height=\"79\" \/><\/a>Kurze Zusammenfassung demografischer Daten<\/span><\/p>\n<\/div><\/div><\/div><\/section>\n<section class='av_toggle_section av-89igj-4bec27971a8188bbbf7c8d61bb8228ae'  itemscope=\"itemscope\" itemtype=\"https:\/\/schema.org\/CreativeWork\" ><div role=\"tablist\" class=\"single_toggle\" data-tags=\"{Alle} \"  ><p id='toggle-toggle-id-3' data-fake-id='#toggle-id-3' class='toggler  av-title-above '  itemprop=\"headline\"  role='tab' tabindex='0' aria-controls='toggle-id-3' data-slide-speed=\"200\" data-title=\"Panorama - Bundesamt f\u00fcr Statistik\" data-title-open=\"\" data-aria_collapsed=\"Click to expand: Panorama - Bundesamt f\u00fcr Statistik\" data-aria_expanded=\"Click to collapse: Panorama - Bundesamt f\u00fcr Statistik\">Panorama - Bundesamt f\u00fcr Statistik<span class=\"toggle_icon\"><span class=\"vert_icon\"><\/span><span class=\"hor_icon\"><\/span><\/span><\/p><div id='toggle-id-3' aria-labelledby='toggle-toggle-id-3' role='region' class='toggle_wrap  av-title-above'  ><div class='toggle_content invers-color '  itemprop=\"text\" ><p><a href=\"https:\/\/www.60plusriggisberg.ch\/wp-content\/uploads\/2022\/06\/Panorama-2021.pdf\"><img loading=\"lazy\" decoding=\"async\" class=\"alignleft wp-image-2938 size-full\" src=\"https:\/\/www.60plusriggisberg.ch\/wp-content\/uploads\/2016\/12\/PDF_downlaod-e1490553309349.png\" alt=\"\" width=\"80\" height=\"79\" \/><\/a>\u00a0<span style=\"font-size: 14pt;\">Bericht \u00fcber die Bev\u00f6lkerungsentwicklung<\/span><\/p>\n<\/div><\/div><\/div><\/section>\n<\/div><\/p>\n","protected":false},"excerpt":{"rendered":"","protected":false},"author":1,"featured_media":0,"parent":748,"menu_order":0,"comment_status":"closed","ping_status":"closed","template":"","meta":{"footnotes":""},"class_list":["post-755","page","type-page","status-publish","hentry"],"aioseo_notices":[],"_links":{"self":[{"href":"https:\/\/www.60plusriggisberg.ch\/index.php?rest_route=\/wp\/v2\/pages\/755","targetHints":{"allow":["GET"]}}],"collection":[{"href":"https:\/\/www.60plusriggisberg.ch\/index.php?rest_route=\/wp\/v2\/pages"}],"about":[{"href":"https:\/\/www.60plusriggisberg.ch\/index.php?rest_route=\/wp\/v2\/types\/page"}],"author":[{"embeddable":true,"href":"https:\/\/www.60plusriggisberg.ch\/index.php?rest_route=\/wp\/v2\/users\/1"}],"replies":[{"embeddable":true,"href":"https:\/\/www.60plusriggisberg.ch\/index.php?rest_route=%2Fwp%2Fv2%2Fcomments&post=755"}],"version-history":[{"count":34,"href":"https:\/\/www.60plusriggisberg.ch\/index.php?rest_route=\/wp\/v2\/pages\/755\/revisions"}],"predecessor-version":[{"id":7702,"href":"https:\/\/www.60plusriggisberg.ch\/index.php?rest_route=\/wp\/v2\/pages\/755\/revisions\/7702"}],"up":[{"embeddable":true,"href":"https:\/\/www.60plusriggisberg.ch\/index.php?rest_route=\/wp\/v2\/pages\/748"}],"wp:attachment":[{"href":"https:\/\/www.60plusriggisberg.ch\/index.php?rest_route=%2Fwp%2Fv2%2Fmedia&parent=755"}],"curies":[{"name":"wp","href":"https:\/\/api.w.org\/{rel}","templated":true}]}}