{"id":652,"date":"2016-11-04T09:11:08","date_gmt":"2016-11-04T09:11:08","guid":{"rendered":"http:\/\/www.60plusriggisberg.ch\/?page_id=652"},"modified":"2026-04-08T09:49:57","modified_gmt":"2026-04-08T09:49:57","slug":"ueber-uns-untertitel-01","status":"publish","type":"page","link":"https:\/\/www.60plusriggisberg.ch\/?page_id=652","title":{"rendered":"Unser Verein"},"content":{"rendered":"\n<style type=\"text\/css\" data-created_by=\"avia_inline_auto\" id=\"style-css-av-2xupos-9ba3324da358c819b204631c117ce491\">\n#top .flex_column.av-2xupos-9ba3324da358c819b204631c117ce491{\nmargin-top:0px;\nmargin-bottom:0px;\n}\n.flex_column.av-2xupos-9ba3324da358c819b204631c117ce491{\nborder-radius:0px 0px 0px 0px;\npadding:0px 0px 0px 0px;\n}\n.responsive #top #wrap_all .flex_column.av-2xupos-9ba3324da358c819b204631c117ce491{\nmargin-top:0px;\nmargin-bottom:0px;\n}\n<\/style>\n<div  class='flex_column av-2xupos-9ba3324da358c819b204631c117ce491 av_one_full  avia-builder-el-0  el_before_av_textblock  avia-builder-el-first  first flex_column_div av-animated-generic bottom-to-top av-zero-column-padding  '     ><p><div  class='avia-slideshow av-2pkf9g-6fbbedd93eebbc8f61a9e741e9451c9c avia-slideshow-no scaling av_slideshow avia-fade-slider  avia-builder-el-1  el_before_av_heading  avia-builder-el-first  av-slideshow-ui av-control-hidden av-no-slider-navigation av-hide-nav-arrows av-slideshow-autoplay av-loop-endless av-loop-manual-endless av-default-height-applied avia-slideshow-1' data-slideshow-options=\"{&quot;animation&quot;:&quot;fade&quot;,&quot;autoplay&quot;:true,&quot;loop_autoplay&quot;:&quot;endless&quot;,&quot;interval&quot;:5,&quot;loop_manual&quot;:&quot;manual-endless&quot;,&quot;autoplay_stopper&quot;:false,&quot;noNavigation&quot;:true,&quot;bg_slider&quot;:false,&quot;keep_padding&quot;:false,&quot;hoverpause&quot;:false,&quot;show_slide_delay&quot;:0}\"  itemprop=\"image\" itemscope=\"itemscope\" itemtype=\"https:\/\/schema.org\/ImageObject\" ><ul class='avia-slideshow-inner ' style='padding-bottom: 42%;'><li  class='avia-slideshow-slide av-2pkf9g-6fbbedd93eebbc8f61a9e741e9451c9c__0  slide-1 slide-odd'><div data-rel='slideshow-1' class='avia-slide-wrap '   ><img decoding=\"async\" fetchpriority=\"high\" class=\"wp-image-1031 avia-img-lazy-loading-not-1031\"  src=\"https:\/\/www.60plusriggisberg.ch\/wp-content\/uploads\/2016\/12\/sr_home_fruehling_01.jpg\" width=\"1500\" height=\"630\" title='Fr\u00fchling: Blick auf Riedern Frohmoos, Riggisberg' alt=''  itemprop=\"thumbnailUrl\" srcset=\"https:\/\/www.60plusriggisberg.ch\/wp-content\/uploads\/2016\/12\/sr_home_fruehling_01.jpg 1500w, https:\/\/www.60plusriggisberg.ch\/wp-content\/uploads\/2016\/12\/sr_home_fruehling_01-300x126.jpg 300w, https:\/\/www.60plusriggisberg.ch\/wp-content\/uploads\/2016\/12\/sr_home_fruehling_01-768x323.jpg 768w, https:\/\/www.60plusriggisberg.ch\/wp-content\/uploads\/2016\/12\/sr_home_fruehling_01-1030x433.jpg 1030w, https:\/\/www.60plusriggisberg.ch\/wp-content\/uploads\/2016\/12\/sr_home_fruehling_01-705x296.jpg 705w, https:\/\/www.60plusriggisberg.ch\/wp-content\/uploads\/2016\/12\/sr_home_fruehling_01-450x189.jpg 450w\" sizes=\"(max-width: 1500px) 100vw, 1500px\" \/><\/div><\/li><li  class='avia-slideshow-slide av-2pkf9g-6fbbedd93eebbc8f61a9e741e9451c9c__1  slide-2 slide-even'><div data-rel='slideshow-1' class='avia-slide-wrap '   ><img decoding=\"async\" fetchpriority=\"high\" class=\"wp-image-1037 avia-img-lazy-loading-not-1037\"  src=\"https:\/\/www.60plusriggisberg.ch\/wp-content\/uploads\/2016\/12\/sr_home_sommer_01.jpg\" width=\"1500\" height=\"630\" title='Hohfuhren mit Blick auf die Berner Alpen im Sommer' alt=''  itemprop=\"thumbnailUrl\" srcset=\"https:\/\/www.60plusriggisberg.ch\/wp-content\/uploads\/2016\/12\/sr_home_sommer_01.jpg 1500w, https:\/\/www.60plusriggisberg.ch\/wp-content\/uploads\/2016\/12\/sr_home_sommer_01-300x126.jpg 300w, https:\/\/www.60plusriggisberg.ch\/wp-content\/uploads\/2016\/12\/sr_home_sommer_01-768x323.jpg 768w, https:\/\/www.60plusriggisberg.ch\/wp-content\/uploads\/2016\/12\/sr_home_sommer_01-1030x433.jpg 1030w, https:\/\/www.60plusriggisberg.ch\/wp-content\/uploads\/2016\/12\/sr_home_sommer_01-705x296.jpg 705w, https:\/\/www.60plusriggisberg.ch\/wp-content\/uploads\/2016\/12\/sr_home_sommer_01-450x189.jpg 450w\" sizes=\"(max-width: 1500px) 100vw, 1500px\" \/><\/div><\/li><li  class='avia-slideshow-slide av-2pkf9g-6fbbedd93eebbc8f61a9e741e9451c9c__2  slide-3 slide-odd'><div data-rel='slideshow-1' class='avia-slide-wrap '   ><img decoding=\"async\" fetchpriority=\"high\" class=\"wp-image-1032 avia-img-lazy-loading-not-1032\"  src=\"https:\/\/www.60plusriggisberg.ch\/wp-content\/uploads\/2016\/12\/sr_home_herbst_01.jpg\" width=\"1500\" height=\"630\" title='Baum in goldenen Herbstfarben im Thanboden' alt=''  itemprop=\"thumbnailUrl\" srcset=\"https:\/\/www.60plusriggisberg.ch\/wp-content\/uploads\/2016\/12\/sr_home_herbst_01.jpg 1500w, https:\/\/www.60plusriggisberg.ch\/wp-content\/uploads\/2016\/12\/sr_home_herbst_01-300x126.jpg 300w, https:\/\/www.60plusriggisberg.ch\/wp-content\/uploads\/2016\/12\/sr_home_herbst_01-768x323.jpg 768w, https:\/\/www.60plusriggisberg.ch\/wp-content\/uploads\/2016\/12\/sr_home_herbst_01-1030x433.jpg 1030w, https:\/\/www.60plusriggisberg.ch\/wp-content\/uploads\/2016\/12\/sr_home_herbst_01-705x296.jpg 705w, https:\/\/www.60plusriggisberg.ch\/wp-content\/uploads\/2016\/12\/sr_home_herbst_01-450x189.jpg 450w\" sizes=\"(max-width: 1500px) 100vw, 1500px\" \/><\/div><\/li><li  class='avia-slideshow-slide av-2pkf9g-6fbbedd93eebbc8f61a9e741e9451c9c__3  slide-4 slide-even'><div data-rel='slideshow-1' class='avia-slide-wrap '   ><img decoding=\"async\" fetchpriority=\"high\" class=\"wp-image-1020 avia-img-lazy-loading-not-1020\"  src=\"https:\/\/www.60plusriggisberg.ch\/wp-content\/uploads\/2016\/12\/sr_home_winter_01.jpg\" width=\"1500\" height=\"630\" title='Eiger, M\u00f6nch und Jungfrau im Winter' alt=''  itemprop=\"thumbnailUrl\" srcset=\"https:\/\/www.60plusriggisberg.ch\/wp-content\/uploads\/2016\/12\/sr_home_winter_01.jpg 1500w, https:\/\/www.60plusriggisberg.ch\/wp-content\/uploads\/2016\/12\/sr_home_winter_01-300x126.jpg 300w, https:\/\/www.60plusriggisberg.ch\/wp-content\/uploads\/2016\/12\/sr_home_winter_01-768x323.jpg 768w, https:\/\/www.60plusriggisberg.ch\/wp-content\/uploads\/2016\/12\/sr_home_winter_01-1030x433.jpg 1030w, https:\/\/www.60plusriggisberg.ch\/wp-content\/uploads\/2016\/12\/sr_home_winter_01-705x296.jpg 705w, https:\/\/www.60plusriggisberg.ch\/wp-content\/uploads\/2016\/12\/sr_home_winter_01-450x189.jpg 450w\" sizes=\"(max-width: 1500px) 100vw, 1500px\" \/><\/div><\/li><\/ul><div class='avia-slideshow-arrows avia-slideshow-controls' ><a href='#prev' class='prev-slide ' aria-hidden='true' data-av_icon='\ue87c' data-av_iconfont='entypo-fontello'  tabindex='-1'>Zur\u00fcck<\/a><a href='#next' class='next-slide ' aria-hidden='true' data-av_icon='\ue87d' data-av_iconfont='entypo-fontello'  tabindex='-1'>Weiter<\/a><\/div><\/div><br \/>\n\n<style type=\"text\/css\" data-created_by=\"avia_inline_auto\" id=\"style-css-av-1y3gn0-00af8c8d0509be9b938fe7aa1326bca9\">\n#top .av-special-heading.av-1y3gn0-00af8c8d0509be9b938fe7aa1326bca9{\npadding-bottom:0;\n}\nbody .av-special-heading.av-1y3gn0-00af8c8d0509be9b938fe7aa1326bca9 .av-special-heading-tag .heading-char{\nfont-size:25px;\n}\n.av-special-heading.av-1y3gn0-00af8c8d0509be9b938fe7aa1326bca9 .av-subheading{\nfont-size:15px;\n}\n<\/style>\n<div  class='av-special-heading av-1y3gn0-00af8c8d0509be9b938fe7aa1326bca9 av-special-heading-h2 blockquote modern-quote  avia-builder-el-2  el_after_av_slideshow  el_before_av_hr '><h2 class='av-special-heading-tag '  itemprop=\"headline\"  >Unser Verein<\/h2><div class=\"special-heading-border\"><div class=\"special-heading-inner-border\"><\/div><\/div><\/div><br \/>\n\n<style type=\"text\/css\" data-created_by=\"avia_inline_auto\" id=\"style-css-av-1t7jb0-29419376fccfc6cef89614ed5c85dbc2\">\n#top .hr.av-1t7jb0-29419376fccfc6cef89614ed5c85dbc2{\nmargin-top:10px;\nmargin-bottom:10px;\n}\n.hr.av-1t7jb0-29419376fccfc6cef89614ed5c85dbc2 .hr-inner{\nwidth:50px;\nborder-color:#2b0b28;\n}\n<\/style>\n<div  class='hr av-1t7jb0-29419376fccfc6cef89614ed5c85dbc2 hr-custom  avia-builder-el-3  el_after_av_heading  avia-builder-el-last  hr-left hr-icon-no'><span class='hr-inner inner-border-av-border-fat'><span class=\"hr-inner-style\"><\/span><\/span><\/div><\/p><\/div>\n\n<style type=\"text\/css\" data-created_by=\"avia_inline_auto\" id=\"style-css-av-1jlq8c-3ba789a924a48ba247d5d32d134291b8\">\n#top .av_textblock_section.av-1jlq8c-3ba789a924a48ba247d5d32d134291b8 .avia_textblock{\nfont-size:14px;\ncolor:#4f4f4f;\n}\n<\/style>\n<section  class='av_textblock_section av-1jlq8c-3ba789a924a48ba247d5d32d134291b8 '   itemscope=\"itemscope\" itemtype=\"https:\/\/schema.org\/CreativeWork\" ><div class='avia_textblock av_inherit_color'  itemprop=\"text\" ><p><span style=\"color: rgba(51, 51, 51, 1); font-size: 20pt;\">\u00a0<strong>Gemeinsam sind wir st\u00e4rker<\/strong><\/span><\/p>\n<p><span style=\"font-size: 18.6667px;\">Der\u00a0<\/span><em style=\"font-size: 18.6667px;\">Verein 60 plus Riggisberg<\/em><span style=\"font-size: 18.6667px;\"> setzt sich f\u00fcr die Erhaltung und F\u00f6rderung der Lebensqualit\u00e4t \u00e4lterer Menschen <\/span><span style=\"font-size: 18.6667px;\">ein. Wir f\u00f6rdern soziale Kontakte in unserer Gemeinde.<\/span><\/p>\n<p><span style=\"color: rgba(51, 51, 51, 1); font-size: 14pt;\">Im Zusammenhang mit der \u201eAlterspolitik 2005\u201c forderte der Kanton Bern die Gemeinden auf, eigene Altersleitbilder zu entwickeln. So entstand 2011 der Seniorenrat, eine politisch und konfessionell neutrale Organisation, der sich den Fragen im Zusammenhang mit dem Alter anzunehmen begann. Um jedoch unabh\u00e4ngiger und auch schlagkr\u00e4ftiger in Erscheinung treten zu k\u00f6nnen, entschloss sich das Gremium den <em>Verein 60 plus Riggisberg<\/em> zu schaffen.\u00a0Am\u00a09. November 2016 fand die Gr\u00fcndungsversammlung statt.<\/span><\/p>\n<p><span style=\"color: rgba(51, 51, 51, 1); font-size: 14pt;\">Die Vereinst\u00e4tigkeit beruht auf einer Leistungsvereinbarung mit dem Gemeinderat. Wir sind alle ehrenamtlich t\u00e4tig,\u00a0 der Vorstand trifft sich etwa sechs Mal im Jahr.<\/span><\/p>\n<p><span style=\"color: rgba(51, 51, 51, 1); font-size: 14pt;\"><strong>Unser Angebot:<\/strong><\/span><\/p>\n<p><span style=\"color: rgba(51, 51, 51, 1); font-size: 14pt;\">Wir organisieren Veranstaltungen, Anl\u00e4sse, Besichtigungen zur Pflege sozialer Kontakte untereinander und realisieren Generationen \u00fcbergreifende Projekte. \u2022 Wir bieten verschiedene Aktivit\u00e4ten zur Erhaltung und F\u00f6rderung der k\u00f6rperlichen und geistigen Vitalit\u00e4t an. \u2022 Die Zusammenarbeit mit zielverwandten Organisationen und Vereinen geh\u00f6rt ebenfalls zu unseren Aufgaben. \u2022 Wir wollen die Bereitschaft zur Selbsthilfe f\u00f6rdern und die Solidarit\u00e4t der Seniorinnen und Senioren untereinander st\u00e4rken. \u2022 Wir informieren \u00fcber die vielf\u00e4ltigen Angebote und M\u00f6glichkeiten in unserer Gemeinde. \u2022 Wir nehmen Stellung zu Sachfragen, Anliegen und Bed\u00fcrfnissen der \u00e4lteren Generation und vertreten diese gegen\u00fcber dem Gemeinderat.<\/span><\/p>\n<\/div><\/section>\n\n<style type=\"text\/css\" data-created_by=\"avia_inline_auto\" id=\"style-css-av-1cg6mk-a27ff926544f499a795e43ba2c12fe72\">\n.flex_column.av-1cg6mk-a27ff926544f499a795e43ba2c12fe72{\nborder-radius:0px 0px 0px 0px;\npadding:0px 0px 0px 0px;\n}\n<\/style>\n<div  class='flex_column av-1cg6mk-a27ff926544f499a795e43ba2c12fe72 av_one_full  avia-builder-el-5  el_after_av_textblock  el_before_av_toggle_container  first flex_column_div av-zero-column-padding  column-top-margin'     ><section  class='av_textblock_section av-4q1n8-5c9b7bf8620a5d1dadd5059b21aaad33 '   itemscope=\"itemscope\" itemtype=\"https:\/\/schema.org\/CreativeWork\" ><div class='avia_textblock'  itemprop=\"text\" ><p style=\"text-align: center;\"><span style=\"color: rgba(51, 51, 51, 1); text-decoration: underline;\"><span style=\"font-size: 16pt;\">Gr\u00fcnde f\u00fcr eine Mitgliedschaft<\/span><\/span><\/p>\n<p style=\"text-align: center;\"><span style=\"color: rgba(51, 51, 51, 1); font-size: 14pt;\">\u2022 F\u00f6rderung sozialer Kontakte \u00a0\u2022 \u00a0Begegnungsm\u00f6glichkeiten\u00a0 \u2022\u00a0 Gruppenaktivit\u00e4t mit Gleichgesinnten\u00a0 \u2022\u00a0 \u00a0Informationsangebote<\/span><\/p>\n<p style=\"text-align: center;\"><span style=\"color: rgba(51, 51, 51, 1); font-size: 14pt;\"><strong>178 <\/strong><\/span><span style=\"font-size: 18.6667px;\">\u00a0<\/span><strong><span style=\"font-size: 18.6667px;\">Vereinsmitglieder <\/span><\/strong>(Stand 01.04.2026)<\/p>\n<p style=\"text-align: center;\"><span style=\"color: rgba(51, 51, 51, 1); font-size: 14pt;\">Um unsere Interessen noch besser vertreten zu k\u00f6nnen, braucht der <em>Verein 60 plus Riggisberg <\/em>weitere Mitglieder. Mitglied werden k\u00f6nnen alle Bewohner der Gemeinde Riggisberg (Ortsteile Riggisberg, R\u00fcti, R\u00fcmligen). Unterst\u00fctzen Sie unsere Anliegen und profitieren Sie von den Vorteilen einer Mitgliedschaft.<\/span><\/p>\n<\/div><\/section><\/div><div  class='togglecontainer av-1462dg-04c89227bde1704eed1a80834f8058fc  avia-builder-el-7  el_after_av_one_full  avia-builder-el-last  toggle_close_all' >\n<section class='av_toggle_section av-8mkac-a97bd0b885a8109e21941b7f358f22b3'  itemscope=\"itemscope\" itemtype=\"https:\/\/schema.org\/CreativeWork\" ><div role=\"tablist\" class=\"single_toggle\" data-tags=\"{Alle} \"  ><p id='toggle-toggle-id-1' data-fake-id='#toggle-id-1' class='toggler  activeTitle av-title-above '  itemprop=\"headline\"  role='tab' tabindex='0' aria-controls='toggle-id-1' data-slide-speed=\"200\" data-title=\"Veranstaltungsprogramm 2026\" data-title-open=\"\" data-aria_collapsed=\"Click to expand: Veranstaltungsprogramm 2026\" data-aria_expanded=\"Click to collapse: Veranstaltungsprogramm 2026\">Veranstaltungsprogramm 2026<span class=\"toggle_icon\"><span class=\"vert_icon\"><\/span><span class=\"hor_icon\"><\/span><\/span><\/p><div id='toggle-id-1' aria-labelledby='toggle-toggle-id-1' role='region' class='toggle_wrap  active_tc av-title-above' style='display:block;' ><div class='toggle_content invers-color '  itemprop=\"text\" ><p style=\"text-align: left;\"><span style=\"color: rgba(51, 51, 51, 1); font-size: 14pt;\">\u00a0\u00a0 <\/span><span style=\"color: rgba(51, 51, 51, 1); font-size: 14pt;\">Veranstaltungsprogramm 2026<a href=\"https:\/\/www.60plusriggisberg.ch\/wp-content\/uploads\/2026\/02\/Veranstaltungsprogramm-2026.pdf\"><img loading=\"lazy\" decoding=\"async\" class=\"alignleft wp-image-2938 size-full\" src=\"https:\/\/www.60plusriggisberg.ch\/wp-content\/uploads\/2016\/12\/PDF_downlaod-e1490553309349.png\" alt=\"\" width=\"80\" height=\"79\" \/><\/a><\/span><\/p>\n<\/div><\/div><\/div><\/section>\n<section class='av_toggle_section av-8d5jw-a5a3d229bec6ec1e3029bcf0c4bf2626'  itemscope=\"itemscope\" itemtype=\"https:\/\/schema.org\/CreativeWork\" ><div role=\"tablist\" class=\"single_toggle\" data-tags=\"{Alle} \"  ><p id='toggle-toggle-id-2' data-fake-id='#toggle-id-2' class='toggler  av-title-above '  itemprop=\"headline\"  role='tab' tabindex='0' aria-controls='toggle-id-2' data-slide-speed=\"200\" data-title=\"Beitrittserkl\u00e4rung\" data-title-open=\"\" data-aria_collapsed=\"Click to expand: Beitrittserkl\u00e4rung\" data-aria_expanded=\"Click to collapse: Beitrittserkl\u00e4rung\">Beitrittserkl\u00e4rung<span class=\"toggle_icon\"><span class=\"vert_icon\"><\/span><span class=\"hor_icon\"><\/span><\/span><\/p><div id='toggle-id-2' aria-labelledby='toggle-toggle-id-2' role='region' class='toggle_wrap  av-title-above'  ><div class='toggle_content invers-color '  itemprop=\"text\" ><p><span style=\"color: rgba(51, 51, 51, 1); font-size: 14pt;\">Beitrittserkl\u00e4rung 2026<\/span><a href=\"https:\/\/www.60plusriggisberg.ch\/wp-content\/uploads\/2026\/04\/Beitrittserklaerung-2026-1.pdf\"><img loading=\"lazy\" decoding=\"async\" class=\"alignleft wp-image-2938 size-full\" src=\"https:\/\/www.60plusriggisberg.ch\/wp-content\/uploads\/2016\/12\/PDF_downlaod-e1490553309349.png\" alt=\"\" width=\"80\" height=\"79\" \/><\/a><\/p>\n<\/div><\/div><\/div><\/section>\n<section class='av_toggle_section av-bi4ok-1-1-4412d4447c1015720915b82e84661baf'  itemscope=\"itemscope\" itemtype=\"https:\/\/schema.org\/CreativeWork\" ><div role=\"tablist\" class=\"single_toggle\" data-tags=\"{Alle} \"  ><p id='toggle-toggle-id-3' data-fake-id='#toggle-id-3' class='toggler  av-title-above '  itemprop=\"headline\"  role='tab' tabindex='0' aria-controls='toggle-id-3' data-slide-speed=\"200\" data-title=\"Jahresbericht 2025\" data-title-open=\"\" data-aria_collapsed=\"Click to expand: Jahresbericht 2025\" data-aria_expanded=\"Click to collapse: Jahresbericht 2025\">Jahresbericht 2025<span class=\"toggle_icon\"><span class=\"vert_icon\"><\/span><span class=\"hor_icon\"><\/span><\/span><\/p><div id='toggle-id-3' aria-labelledby='toggle-toggle-id-3' role='region' class='toggle_wrap  av-title-above'  ><div class='toggle_content invers-color '  itemprop=\"text\" ><p><span style=\"font-size: 14pt;\"><span style=\"font-size: x-large;\"><span style=\"color: #000010;\"><em><a href=\"https:\/\/www.60plusriggisberg.ch\/wp-content\/uploads\/2026\/02\/Jahresbericht-2025.pdf\">Jahresbericht 2025<\/a><\/em><\/span><\/span><\/span><\/p>\n<\/div><\/div><\/div><\/section>\n<section class='av_toggle_section av-jkm8s-5b037ce20afee76e6a1bfcee80bb3c9d'  itemscope=\"itemscope\" itemtype=\"https:\/\/schema.org\/CreativeWork\" ><div role=\"tablist\" class=\"single_toggle\" data-tags=\"{Alle} \"  ><p id='toggle-toggle-id-4' data-fake-id='#toggle-id-4' class='toggler  av-title-above '  itemprop=\"headline\"  role='tab' tabindex='0' aria-controls='toggle-id-4' data-slide-speed=\"200\" data-title=\"Statuten\" data-title-open=\"\" data-aria_collapsed=\"Click to expand: Statuten\" data-aria_expanded=\"Click to collapse: Statuten\">Statuten<span class=\"toggle_icon\"><span class=\"vert_icon\"><\/span><span class=\"hor_icon\"><\/span><\/span><\/p><div id='toggle-id-4' aria-labelledby='toggle-toggle-id-4' role='region' class='toggle_wrap  av-title-above'  ><div class='toggle_content invers-color '  itemprop=\"text\" ><p style=\"text-align: left;\"><a href=\"http:\/\/www.60plusriggisberg.ch\/wp-content\/uploads\/2017\/03\/Statuten-Verein-60plus-Sig-1.pdf\"><img loading=\"lazy\" decoding=\"async\" class=\"alignleft wp-image-2938 size-full\" src=\"http:\/\/www.60plusriggisberg.ch\/wp-content\/uploads\/2016\/12\/PDF_downlaod-e1490553309349.png\" alt=\"\" width=\"80\" height=\"79\" \/><\/a>\u00a0\u00a0 <span style=\"color: rgba(51, 51, 51, 1); font-size: 14pt;\">Statuten<\/span><\/p>\n<\/div><\/div><\/div><\/section>\n<section class='av_toggle_section av-bi4ok-1-1-1-246f8ab783b7cc62f3d70bc35c96bdc6'  itemscope=\"itemscope\" itemtype=\"https:\/\/schema.org\/CreativeWork\" ><div role=\"tablist\" class=\"single_toggle\" data-tags=\"{Alle} \"  ><p id='toggle-toggle-id-5' data-fake-id='#toggle-id-5' class='toggler  av-title-above '  itemprop=\"headline\"  role='tab' tabindex='0' aria-controls='toggle-id-5' data-slide-speed=\"200\" data-title=\"Mitgliederstatistik \" data-title-open=\"\" data-aria_collapsed=\"Click to expand: Mitgliederstatistik \" data-aria_expanded=\"Click to collapse: Mitgliederstatistik \">Mitgliederstatistik <span class=\"toggle_icon\"><span class=\"vert_icon\"><\/span><span class=\"hor_icon\"><\/span><\/span><\/p><div id='toggle-id-5' aria-labelledby='toggle-toggle-id-5' role='region' class='toggle_wrap  av-title-above'  ><div class='toggle_content invers-color '  itemprop=\"text\" ><p><span style=\"font-size: 14pt;\"><span style=\"font-size: x-large;\"><span style=\"color: #000010;\">Mitgliederstatistik Ende 2022, <em>60 plus<\/em><\/span><\/span><\/span><a href=\"https:\/\/www.60plusriggisberg.ch\/wp-content\/uploads\/2023\/01\/Grafik-Mitglieder.pdf\"><img loading=\"lazy\" decoding=\"async\" class=\"alignleft wp-image-2938 size-full\" src=\"https:\/\/www.60plusriggisberg.ch\/wp-content\/uploads\/2016\/12\/PDF_downlaod-e1490553309349.png\" alt=\"\" width=\"80\" height=\"79\" \/><\/a><\/p>\n<\/div><\/div><\/div><\/section>\n<section class='av_toggle_section av-bi4ok-9d5efe87b7aa872dbd1704a86419e019'  itemscope=\"itemscope\" itemtype=\"https:\/\/schema.org\/CreativeWork\" ><div role=\"tablist\" class=\"single_toggle\" data-tags=\"{Alle} \"  ><p id='toggle-toggle-id-6' data-fake-id='#toggle-id-6' class='toggler  av-title-above '  itemprop=\"headline\"  role='tab' tabindex='0' aria-controls='toggle-id-6' data-slide-speed=\"200\" data-title=\"Altersstruktur Statistik\" data-title-open=\"\" data-aria_collapsed=\"Click to expand: Altersstruktur Statistik\" data-aria_expanded=\"Click to collapse: Altersstruktur Statistik\">Altersstruktur Statistik<span class=\"toggle_icon\"><span class=\"vert_icon\"><\/span><span class=\"hor_icon\"><\/span><\/span><\/p><div id='toggle-id-6' aria-labelledby='toggle-toggle-id-6' role='region' class='toggle_wrap  av-title-above'  ><div class='toggle_content invers-color '  itemprop=\"text\" ><p><span style=\"color: #000010; font-size: x-large;\">Altersstruktur Statistik<\/span><br \/>\n<a href=\"https:\/\/www.60plusriggisberg.ch\/wp-content\/uploads\/2025\/05\/Altersstruktur.pdf\"><img loading=\"lazy\" decoding=\"async\" class=\"alignleft wp-image-2938 size-full\" src=\"https:\/\/www.60plusriggisberg.ch\/wp-content\/uploads\/2016\/12\/PDF_downlaod-e1490553309349.png\" alt=\"\" width=\"80\" height=\"79\" \/><\/a><\/p>\n<\/div><\/div><\/div><\/section>\n<\/div><\/p>\n","protected":false},"excerpt":{"rendered":"","protected":false},"author":1,"featured_media":0,"parent":638,"menu_order":0,"comment_status":"closed","ping_status":"closed","template":"","meta":{"footnotes":""},"class_list":["post-652","page","type-page","status-publish","hentry"],"aioseo_notices":[],"_links":{"self":[{"href":"https:\/\/www.60plusriggisberg.ch\/index.php?rest_route=\/wp\/v2\/pages\/652","targetHints":{"allow":["GET"]}}],"collection":[{"href":"https:\/\/www.60plusriggisberg.ch\/index.php?rest_route=\/wp\/v2\/pages"}],"about":[{"href":"https:\/\/www.60plusriggisberg.ch\/index.php?rest_route=\/wp\/v2\/types\/page"}],"author":[{"embeddable":true,"href":"https:\/\/www.60plusriggisberg.ch\/index.php?rest_route=\/wp\/v2\/users\/1"}],"replies":[{"embeddable":true,"href":"https:\/\/www.60plusriggisberg.ch\/index.php?rest_route=%2Fwp%2Fv2%2Fcomments&post=652"}],"version-history":[{"count":162,"href":"https:\/\/www.60plusriggisberg.ch\/index.php?rest_route=\/wp\/v2\/pages\/652\/revisions"}],"predecessor-version":[{"id":7805,"href":"https:\/\/www.60plusriggisberg.ch\/index.php?rest_route=\/wp\/v2\/pages\/652\/revisions\/7805"}],"up":[{"embeddable":true,"href":"https:\/\/www.60plusriggisberg.ch\/index.php?rest_route=\/wp\/v2\/pages\/638"}],"wp:attachment":[{"href":"https:\/\/www.60plusriggisberg.ch\/index.php?rest_route=%2Fwp%2Fv2%2Fmedia&parent=652"}],"curies":[{"name":"wp","href":"https:\/\/api.w.org\/{rel}","templated":true}]}}