{"id":142,"date":"2015-10-22T15:32:34","date_gmt":"2015-10-22T15:32:34","guid":{"rendered":"http:\/\/test.kriesi.at\/construction\/?page_id=142"},"modified":"2025-12-09T16:31:07","modified_gmt":"2025-12-09T16:31:07","slug":"interior-design","status":"publish","type":"page","link":"https:\/\/www.60plusriggisberg.ch\/?page_id=142","title":{"rendered":"Stamm"},"content":{"rendered":"<div  class='avia-slideshow av-2cfw2e-5157add5da124df1aed2411cf5062999 avia-slideshow-featured av_slideshow avia-fade-slider  avia-builder-el-0  el_before_av_one_full  avia-builder-el-first  av-slideshow-ui av-control-hidden av-no-slider-navigation av-hide-nav-arrows av-slideshow-autoplay av-loop-endless av-loop-manual-endless av-default-height-applied avia-slideshow-1' data-slideshow-options=\"{&quot;animation&quot;:&quot;fade&quot;,&quot;autoplay&quot;:true,&quot;loop_autoplay&quot;:&quot;endless&quot;,&quot;interval&quot;:5,&quot;loop_manual&quot;:&quot;manual-endless&quot;,&quot;autoplay_stopper&quot;:false,&quot;noNavigation&quot;:true,&quot;bg_slider&quot;:false,&quot;keep_padding&quot;:false,&quot;hoverpause&quot;:false,&quot;show_slide_delay&quot;:0}\"  itemprop=\"image\" itemscope=\"itemscope\" itemtype=\"https:\/\/schema.org\/ImageObject\" ><ul class='avia-slideshow-inner ' style='padding-bottom: 28.666666666667%;'><li  class='avia-slideshow-slide av-2cfw2e-5157add5da124df1aed2411cf5062999__0  slide-1 slide-odd'><div data-rel='slideshow-1' class='avia-slide-wrap '   ><img decoding=\"async\" fetchpriority=\"high\" class=\"wp-image-7102 avia-img-lazy-loading-not-7102\"  src=\"https:\/\/www.60plusriggisberg.ch\/wp-content\/uploads\/2023\/04\/20230429_095836-1-scaled-e1682786063648-1500x430.jpg\" width=\"1500\" height=\"430\" title='20230429_095836' alt=''  itemprop=\"thumbnailUrl\"   \/><\/div><\/li><li  class='avia-slideshow-slide av-2cfw2e-5157add5da124df1aed2411cf5062999__1  slide-2 slide-even'><div data-rel='slideshow-1' class='avia-slide-wrap '   ><img decoding=\"async\" fetchpriority=\"high\" class=\"wp-image-4891 avia-img-lazy-loading-not-4891\"  src=\"https:\/\/www.60plusriggisberg.ch\/wp-content\/uploads\/2018\/10\/tea-party--1500x430.jpg\" width=\"1500\" height=\"430\" title='Frauenstamm' alt=''  itemprop=\"thumbnailUrl\"   \/><\/div><\/li><li  class='avia-slideshow-slide av-2cfw2e-5157add5da124df1aed2411cf5062999__2  slide-3 slide-odd'><div data-rel='slideshow-1' class='avia-slide-wrap '   ><img decoding=\"async\" fetchpriority=\"high\" class=\"wp-image-3066 avia-img-lazy-loading-not-3066\"  src=\"https:\/\/www.60plusriggisberg.ch\/wp-content\/uploads\/2015\/10\/Stamm-1500x430.jpg\" width=\"1500\" height=\"430\" title='am Stammtisch' alt=''  itemprop=\"thumbnailUrl\"   \/><\/div><\/li><\/ul><div class='avia-slideshow-arrows avia-slideshow-controls' ><a href='#prev' class='prev-slide ' aria-hidden='true' data-av_icon='\ue87c' data-av_iconfont='entypo-fontello'  tabindex='-1'>Zur\u00fcck<\/a><a href='#next' class='next-slide ' aria-hidden='true' data-av_icon='\ue87d' data-av_iconfont='entypo-fontello'  tabindex='-1'>Weiter<\/a><\/div><\/div>\n\n<style type=\"text\/css\" data-created_by=\"avia_inline_auto\" id=\"style-css-av-1q6bl2-5b45e00cb82725b772a80523926b2a8f\">\n#top .flex_column.av-1q6bl2-5b45e00cb82725b772a80523926b2a8f{\nmargin-top:0px;\nmargin-bottom:0px;\n}\n.flex_column.av-1q6bl2-5b45e00cb82725b772a80523926b2a8f{\nborder-radius:0px 0px 0px 0px;\npadding:0px 0px 0px 0px;\n}\n.responsive #top #wrap_all .flex_column.av-1q6bl2-5b45e00cb82725b772a80523926b2a8f{\nmargin-top:0px;\nmargin-bottom:0px;\n}\n<\/style>\n<div  class='flex_column av-1q6bl2-5b45e00cb82725b772a80523926b2a8f av_one_full  avia-builder-el-1  el_after_av_slideshow  el_before_av_one_full  first flex_column_div av-animated-generic bottom-to-top av-zero-column-padding  '     ><p>\n<style type=\"text\/css\" data-created_by=\"avia_inline_auto\" id=\"style-css-av-1jgnqm-cee11f1c7d710564210a79acc051b49d\">\n#top .av-special-heading.av-1jgnqm-cee11f1c7d710564210a79acc051b49d{\npadding-bottom:0;\n}\nbody .av-special-heading.av-1jgnqm-cee11f1c7d710564210a79acc051b49d .av-special-heading-tag .heading-char{\nfont-size:25px;\n}\n.av-special-heading.av-1jgnqm-cee11f1c7d710564210a79acc051b49d .av-subheading{\nfont-size:15px;\n}\n<\/style>\n<div  class='av-special-heading av-1jgnqm-cee11f1c7d710564210a79acc051b49d av-special-heading-h2 blockquote modern-quote  avia-builder-el-2  el_before_av_hr  avia-builder-el-first '><h2 class='av-special-heading-tag '  itemprop=\"headline\"  >Stamm<\/h2><div class=\"special-heading-border\"><div class=\"special-heading-inner-border\"><\/div><\/div><\/div><br \/>\n\n<style type=\"text\/css\" data-created_by=\"avia_inline_auto\" id=\"style-css-av-1djtpa-d28d94efd4781951f132ced71d607489\">\n#top .hr.av-1djtpa-d28d94efd4781951f132ced71d607489{\nmargin-top:10px;\nmargin-bottom:10px;\n}\n.hr.av-1djtpa-d28d94efd4781951f132ced71d607489 .hr-inner{\nwidth:50px;\nborder-color:#2b0b28;\n}\n<\/style>\n<div  class='hr av-1djtpa-d28d94efd4781951f132ced71d607489 hr-custom  avia-builder-el-3  el_after_av_heading  avia-builder-el-last  hr-left hr-icon-no'><span class='hr-inner inner-border-av-border-fat'><span class=\"hr-inner-style\"><\/span><\/span><\/div><\/p><\/div>\n\n<style type=\"text\/css\" data-created_by=\"avia_inline_auto\" id=\"style-css-av-19mx66-ae16341ab54b5f5f5adb4884c6c5c223\">\n#top .flex_column.av-19mx66-ae16341ab54b5f5f5adb4884c6c5c223{\nmargin-top:0px;\nmargin-bottom:0px;\n}\n.flex_column.av-19mx66-ae16341ab54b5f5f5adb4884c6c5c223{\nborder-radius:0px 0px 0px 0px;\npadding:0px 0px 0px 0px;\n}\n.responsive #top #wrap_all .flex_column.av-19mx66-ae16341ab54b5f5f5adb4884c6c5c223{\nmargin-top:0px;\nmargin-bottom:0px;\n}\n<\/style>\n<div  class='flex_column av-19mx66-ae16341ab54b5f5f5adb4884c6c5c223 av_one_full  avia-builder-el-4  el_after_av_one_full  el_before_av_one_full  first flex_column_div av-zero-column-padding  column-top-margin'     ><section  class='av_textblock_section av-12ubm6-46678418ff66f2d5772d79d46cdeea54 '   itemscope=\"itemscope\" itemtype=\"https:\/\/schema.org\/CreativeWork\" ><div class='avia_textblock'  itemprop=\"text\" ><p><span style=\"color: rgba(51, 51, 51, 1); font-size: 14pt;\">Die Gespr\u00e4che, der Gedankenaustausch, gestalten sich bei uns \u00e4lteren Semestern oft richtig spannend, k\u00f6nnen wir doch alle auf ein reiches und interessantes Leben zur\u00fcckblicken und hier unsere Erinnerungen teilen.<\/span><\/p>\n<p><strong><span style=\"color: rgba(51, 51, 51, 1);\"><span style=\"font-size: 14pt;\">Stamm Adler<\/span><\/span><\/strong><\/p>\n<p><span style=\"color: rgba(51, 51, 51, 1);\"><span style=\"font-size: 14pt;\">Wir treffen uns alle 14 Tage, samstags ab 10.00 bis 11.30 Uhr im S\u00e4li vom<br \/>\nRestaurant Adler. <\/span><span style=\"font-size: 14pt;\">Schon traditionsgem\u00e4ss geh\u00f6rt bei uns oft eine musikalische Umrahmung dazu<\/span><span style=\"font-size: 14pt;\">.<\/span><\/span><\/p>\n<p><span style=\"font-size: 14pt;\"><strong>Donnschtig Stamm<\/strong><\/span><\/p>\n<p><span style=\"font-size: 14pt;\"><br \/>\n<span style=\"color: #333333;\">Jeden Donnerstag ab 09.30 Uhr treffen wir uns abwechslungsweise im Caf\u00e9<\/span><br \/>\n<span style=\"color: #333333;\"> Gl\u00fccklicher oder im Restaurant Adler zum gem\u00fctlichen Beisammensein Unsere Gruppenleiterin Erika Stoller freut sich auf Ihre Teilnahme.<\/span><\/span><\/p>\n<p><span style=\"color: rgba(51, 51, 51, 1); font-size: 14pt;\">Wir freuen uns auf neu Mitmachende. Alle sind herzlich eingeladen. <\/span><span style=\"color: rgba(51, 51, 51, 1); font-size: 14pt;\">G<span style=\"color: rgba(51, 51, 51, 1);\">erne<\/span> erteilen wir Ihnen weitere Ausk\u00fcnfte:\u00a0 <a href=\"mailto:erika.stoller@60plusriggisberg.ch\">erika.stoller@60plusriggisberg.ch<\/a><\/span><\/p>\n<\/div><\/section><\/div>\n<style type=\"text\/css\" data-created_by=\"avia_inline_auto\" id=\"style-css-av-woog6-b82a59582d9f4047f9d502e59b1f83b2\">\n.flex_column.av-woog6-b82a59582d9f4047f9d502e59b1f83b2{\nborder-radius:0px 0px 0px 0px;\npadding:0px 0px 0px 0px;\n}\n<\/style>\n<div  class='flex_column av-woog6-b82a59582d9f4047f9d502e59b1f83b2 av_one_full  avia-builder-el-6  el_after_av_one_full  el_before_av_one_full  first flex_column_div av-animated-generic bottom-to-top av-zero-column-padding  column-top-margin'     ><div  class='togglecontainer av-98o6-8b8f7e0817243e65e581528086085449  avia-builder-el-7  avia-builder-el-no-sibling  toggle_close_all' >\n<section class='av_toggle_section av-o8sm-cc2f44ebf1b352cd323ee88b92e0be04'  itemscope=\"itemscope\" itemtype=\"https:\/\/schema.org\/CreativeWork\" ><div role=\"tablist\" class=\"single_toggle\" data-tags=\"{Alle} \"  ><p id='toggle-toggle-id-1' data-fake-id='#toggle-id-1' class='toggler  activeTitle av-title-above '  itemprop=\"headline\"  role='tab' tabindex='0' aria-controls='toggle-id-1' data-slide-speed=\"200\" data-title=\"Adler Stamm Daten 2026\" data-title-open=\"\" data-aria_collapsed=\"Click to expand: Adler Stamm Daten 2026\" data-aria_expanded=\"Click to collapse: Adler Stamm Daten 2026\">Adler Stamm Daten 2026<span class=\"toggle_icon\"><span class=\"vert_icon\"><\/span><span class=\"hor_icon\"><\/span><\/span><\/p><div id='toggle-id-1' aria-labelledby='toggle-toggle-id-1' role='region' class='toggle_wrap  active_tc av-title-above' style='display:block;' ><div class='toggle_content invers-color '  itemprop=\"text\" ><p><span style=\"color: rgba(51, 51, 51, 1); font-size: 16pt;\"><a href=\"https:\/\/www.60plusriggisberg.ch\/wp-content\/uploads\/2015\/10\/Daten_2017_Stamm.pdf\"><br \/>\n<\/a><a href=\"https:\/\/www.60plusriggisberg.ch\/wp-content\/uploads\/2025\/12\/Stamm-Termine-2026.pdf\"><img loading=\"lazy\" decoding=\"async\" class=\"alignleft wp-image-2938 size-thumbnail\" src=\"https:\/\/www.60plusriggisberg.ch\/wp-content\/uploads\/2016\/12\/PDF_downlaod-80x80.png\" alt=\"\" width=\"80\" height=\"80\" \/><\/a><\/span><\/p>\n<p>Adler Stamm Daten 2026<\/p>\n<p><span style=\"font-size: 14pt;\"><span style=\"color: rgba(51, 51, 51, 1);\">\u00a0<\/span><\/span><\/p>\n<\/div><\/div><\/div><\/section>\n<\/div><\/div><\/p>\n\n<style type=\"text\/css\" data-created_by=\"avia_inline_auto\" id=\"style-css-av-sw8e-15673dd5aad2df13a3a3ba27103cd4b2\">\n.flex_column.av-sw8e-15673dd5aad2df13a3a3ba27103cd4b2{\nborder-radius:0px 0px 0px 0px;\npadding:0px 0px 0px 0px;\n}\n<\/style>\n<div  class='flex_column av-sw8e-15673dd5aad2df13a3a3ba27103cd4b2 av_one_full  avia-builder-el-8  el_after_av_one_full  avia-builder-el-last  first flex_column_div av-zero-column-padding  column-top-margin'     ><\/div>\n","protected":false},"excerpt":{"rendered":"","protected":false},"author":1,"featured_media":0,"parent":255,"menu_order":0,"comment_status":"closed","ping_status":"closed","template":"","meta":{"footnotes":""},"class_list":["post-142","page","type-page","status-publish","hentry"],"aioseo_notices":[],"_links":{"self":[{"href":"https:\/\/www.60plusriggisberg.ch\/index.php?rest_route=\/wp\/v2\/pages\/142","targetHints":{"allow":["GET"]}}],"collection":[{"href":"https:\/\/www.60plusriggisberg.ch\/index.php?rest_route=\/wp\/v2\/pages"}],"about":[{"href":"https:\/\/www.60plusriggisberg.ch\/index.php?rest_route=\/wp\/v2\/types\/page"}],"author":[{"embeddable":true,"href":"https:\/\/www.60plusriggisberg.ch\/index.php?rest_route=\/wp\/v2\/users\/1"}],"replies":[{"embeddable":true,"href":"https:\/\/www.60plusriggisberg.ch\/index.php?rest_route=%2Fwp%2Fv2%2Fcomments&post=142"}],"version-history":[{"count":106,"href":"https:\/\/www.60plusriggisberg.ch\/index.php?rest_route=\/wp\/v2\/pages\/142\/revisions"}],"predecessor-version":[{"id":7679,"href":"https:\/\/www.60plusriggisberg.ch\/index.php?rest_route=\/wp\/v2\/pages\/142\/revisions\/7679"}],"up":[{"embeddable":true,"href":"https:\/\/www.60plusriggisberg.ch\/index.php?rest_route=\/wp\/v2\/pages\/255"}],"wp:attachment":[{"href":"https:\/\/www.60plusriggisberg.ch\/index.php?rest_route=%2Fwp%2Fv2%2Fmedia&parent=142"}],"curies":[{"name":"wp","href":"https:\/\/api.w.org\/{rel}","templated":true}]}}