{"id":140,"date":"2015-10-22T15:32:14","date_gmt":"2015-10-22T15:32:14","guid":{"rendered":"http:\/\/test.kriesi.at\/construction\/?page_id=140"},"modified":"2025-09-29T15:09:30","modified_gmt":"2025-09-29T15:09:30","slug":"small-projects","status":"publish","type":"page","link":"https:\/\/www.60plusriggisberg.ch\/?page_id=140","title":{"rendered":"Jassen"},"content":{"rendered":"<div  class='avia-slideshow av-1ob1ik-7c6cf6a995d472dc49c4f70a48992c2c avia-slideshow-featured av_slideshow avia-fade-slider  avia-builder-el-0  el_before_av_one_full  avia-builder-el-first  av-slideshow-ui av-control-hidden av-no-slider-navigation av-hide-nav-arrows av-slideshow-autoplay av-loop-endless av-loop-manual-endless av-default-height-applied avia-slideshow-1' data-slideshow-options=\"{&quot;animation&quot;:&quot;fade&quot;,&quot;autoplay&quot;:true,&quot;loop_autoplay&quot;:&quot;endless&quot;,&quot;interval&quot;:5,&quot;loop_manual&quot;:&quot;manual-endless&quot;,&quot;autoplay_stopper&quot;:false,&quot;noNavigation&quot;:true,&quot;bg_slider&quot;:false,&quot;keep_padding&quot;:false,&quot;hoverpause&quot;:false,&quot;show_slide_delay&quot;:0}\"  itemprop=\"image\" itemscope=\"itemscope\" itemtype=\"https:\/\/schema.org\/ImageObject\" ><ul class='avia-slideshow-inner ' style='padding-bottom: 28.666666666667%;'><li  class='avia-slideshow-slide av-1ob1ik-7c6cf6a995d472dc49c4f70a48992c2c__0  slide-1 slide-odd'><div data-rel='slideshow-1' class='avia-slide-wrap '   ><img decoding=\"async\" fetchpriority=\"high\" class=\"wp-image-4866 avia-img-lazy-loading-not-4866\"  src=\"https:\/\/www.60plusriggisberg.ch\/wp-content\/uploads\/2018\/10\/jassen-1690374_1920-1500x430.jpg\" width=\"1500\" height=\"430\" title='Jass Set' alt=''  itemprop=\"thumbnailUrl\"   \/><\/div><\/li><li  class='avia-slideshow-slide av-1ob1ik-7c6cf6a995d472dc49c4f70a48992c2c__1  slide-2 slide-even'><div data-rel='slideshow-1' class='avia-slide-wrap '   ><img decoding=\"async\" fetchpriority=\"high\" class=\"wp-image-2798 avia-img-lazy-loading-not-2798\"  src=\"https:\/\/www.60plusriggisberg.ch\/wp-content\/uploads\/2015\/10\/IMG_1642-2-1500x430.jpg\" width=\"1500\" height=\"430\" title='Christian D\u00e4hler: unser Gruppenleiter Jassen' alt=''  itemprop=\"thumbnailUrl\"   \/><\/div><\/li><\/ul><div class='avia-slideshow-arrows avia-slideshow-controls' ><a href='#prev' class='prev-slide ' aria-hidden='true' data-av_icon='\ue87c' data-av_iconfont='entypo-fontello'  tabindex='-1'>Zur\u00fcck<\/a><a href='#next' class='next-slide ' aria-hidden='true' data-av_icon='\ue87d' data-av_iconfont='entypo-fontello'  tabindex='-1'>Weiter<\/a><\/div><\/div>\n\n<style type=\"text\/css\" data-created_by=\"avia_inline_auto\" id=\"style-css-av-4euh0-4af7a4bcef270db41fca7606f892a4de\">\n#top .flex_column.av-4euh0-4af7a4bcef270db41fca7606f892a4de{\nmargin-top:0px;\nmargin-bottom:0px;\n}\n.flex_column.av-4euh0-4af7a4bcef270db41fca7606f892a4de{\nborder-radius:0px 0px 0px 0px;\npadding:0px 0px 0px 0px;\n}\n.responsive #top #wrap_all .flex_column.av-4euh0-4af7a4bcef270db41fca7606f892a4de{\nmargin-top:0px;\nmargin-bottom:0px;\n}\n<\/style>\n<div  class='flex_column av-4euh0-4af7a4bcef270db41fca7606f892a4de av_one_full  avia-builder-el-1  el_after_av_slideshow  el_before_av_one_full  first flex_column_div av-animated-generic bottom-to-top av-zero-column-padding  '     ><p>\n<style type=\"text\/css\" data-created_by=\"avia_inline_auto\" id=\"style-css-av-11rjs4-e47e10c49062cc7e924e87bdd0da8abe\">\n#top .av-special-heading.av-11rjs4-e47e10c49062cc7e924e87bdd0da8abe{\npadding-bottom:0;\n}\nbody .av-special-heading.av-11rjs4-e47e10c49062cc7e924e87bdd0da8abe .av-special-heading-tag .heading-char{\nfont-size:25px;\n}\n.av-special-heading.av-11rjs4-e47e10c49062cc7e924e87bdd0da8abe .av-subheading{\nfont-size:15px;\n}\n<\/style>\n<div  class='av-special-heading av-11rjs4-e47e10c49062cc7e924e87bdd0da8abe av-special-heading-h2 blockquote modern-quote  avia-builder-el-2  el_before_av_hr  avia-builder-el-first '><h2 class='av-special-heading-tag '  itemprop=\"headline\"  >Jassen<\/h2><div class=\"special-heading-border\"><div class=\"special-heading-inner-border\"><\/div><\/div><\/div><br \/>\n\n<style type=\"text\/css\" data-created_by=\"avia_inline_auto\" id=\"style-css-av-zfsck-430b713ca3279d112cc1b8268b433c27\">\n#top .hr.av-zfsck-430b713ca3279d112cc1b8268b433c27{\nmargin-top:10px;\nmargin-bottom:10px;\n}\n.hr.av-zfsck-430b713ca3279d112cc1b8268b433c27 .hr-inner{\nwidth:50px;\nborder-color:#2b0b28;\n}\n<\/style>\n<div  class='hr av-zfsck-430b713ca3279d112cc1b8268b433c27 hr-custom  avia-builder-el-3  el_after_av_heading  avia-builder-el-last  hr-left hr-icon-no'><span class='hr-inner inner-border-av-border-fat'><span class=\"hr-inner-style\"><\/span><\/span><\/div><\/p><\/div>\n\n<style type=\"text\/css\" data-created_by=\"avia_inline_auto\" id=\"style-css-av-ohhwk-ca891fc6f921770867852c080b1fc42b\">\n.flex_column.av-ohhwk-ca891fc6f921770867852c080b1fc42b{\nborder-radius:0px 0px 0px 0px;\npadding:0px 0px 0px 0px;\n}\n<\/style>\n<div  class='flex_column av-ohhwk-ca891fc6f921770867852c080b1fc42b av_one_full  avia-builder-el-4  el_after_av_one_full  el_before_av_toggle_container  first flex_column_div av-zero-column-padding  column-top-margin'     ><section  class='av_textblock_section av-j4ano-12a1478dbbb952f335dac664150a5a44 '   itemscope=\"itemscope\" itemtype=\"https:\/\/schema.org\/CreativeWork\" ><div class='avia_textblock'  itemprop=\"text\" ><p><span style=\"color: rgba(51, 51, 51, 1); font-size: 14pt;\"><strong>Jassnachmittag<\/strong><\/span><\/p>\n<p><span style=\"color: rgba(51, 51, 51, 1); font-size: 14pt;\">Der K\u00f6nig der Spiele des Schweizers, das Jassen,\u00a0 l\u00e4sst einen die Zeit, die Sorgen vergessen. Es fordert zudem immer wieder das Ged\u00e4chtnis und h\u00e4lt dieses fit.<\/span><\/p>\n<p><span style=\"color: rgba(51, 51, 51, 1); font-size: 14pt;\"><span style=\"text-decoration: underline;\">Jeweils am ersten Donnerstag des Monats<\/span> treffen sich die Jassbegeisterten\u00a0<span style=\"text-decoration: underline;\"><span style=\"color: rgba(51, 51, 51, 1); text-decoration: underline;\">von<\/span> 14.00 bis 17.00 Uhr<\/span> zu einem gem\u00fctlichen Nachmittag im <span style=\"text-decoration: underline;\">Restaurant Adler<\/span> in Riggisberg.<\/span><\/p>\n<p><span style=\"color: rgba(51, 51, 51, 1); font-size: 14pt;\">An diesem Jassnachmittag k\u00f6nnen alle Riggisbergerinnen und Riggisberger 60 plus teilnehmen.<\/span><\/p>\n<p><span style=\"color: rgba(51, 51, 51, 1); font-size: 14pt;\">Unser Gruppenleiter, <strong>Christian D\u00e4hler<\/strong>, freut sich Sie kennen zu lernen.<\/span><\/p>\n<p><span style=\"font-size: 14pt;\"><span style=\"color: rgba(51, 51, 51, 1);\">Tel.<\/span> <span style=\"color: rgba(51, 51, 51, 1);\">031 809 07 83<\/span>, <a href=\"mailto:christian.daehler@60plusriggisberg.ch\">christian.daehler@60plusriggisberg.ch<\/a>\u00a0<\/span><\/p>\n<\/div><\/section><\/div><div  class='togglecontainer av-1pbo4-3c1ac40fa96ee966f4f8bba23ce9741e  avia-builder-el-6  el_after_av_one_full  avia-builder-el-last  toggle_close_all' ><\/div><\/p>\n","protected":false},"excerpt":{"rendered":"","protected":false},"author":1,"featured_media":0,"parent":255,"menu_order":0,"comment_status":"closed","ping_status":"closed","template":"","meta":{"footnotes":""},"class_list":["post-140","page","type-page","status-publish","hentry"],"aioseo_notices":[],"_links":{"self":[{"href":"https:\/\/www.60plusriggisberg.ch\/index.php?rest_route=\/wp\/v2\/pages\/140","targetHints":{"allow":["GET"]}}],"collection":[{"href":"https:\/\/www.60plusriggisberg.ch\/index.php?rest_route=\/wp\/v2\/pages"}],"about":[{"href":"https:\/\/www.60plusriggisberg.ch\/index.php?rest_route=\/wp\/v2\/types\/page"}],"author":[{"embeddable":true,"href":"https:\/\/www.60plusriggisberg.ch\/index.php?rest_route=\/wp\/v2\/users\/1"}],"replies":[{"embeddable":true,"href":"https:\/\/www.60plusriggisberg.ch\/index.php?rest_route=%2Fwp%2Fv2%2Fcomments&post=140"}],"version-history":[{"count":57,"href":"https:\/\/www.60plusriggisberg.ch\/index.php?rest_route=\/wp\/v2\/pages\/140\/revisions"}],"predecessor-version":[{"id":7794,"href":"https:\/\/www.60plusriggisberg.ch\/index.php?rest_route=\/wp\/v2\/pages\/140\/revisions\/7794"}],"up":[{"embeddable":true,"href":"https:\/\/www.60plusriggisberg.ch\/index.php?rest_route=\/wp\/v2\/pages\/255"}],"wp:attachment":[{"href":"https:\/\/www.60plusriggisberg.ch\/index.php?rest_route=%2Fwp%2Fv2%2Fmedia&parent=140"}],"curies":[{"name":"wp","href":"https:\/\/api.w.org\/{rel}","templated":true}]}}