{"id":113,"date":"2015-10-22T14:34:37","date_gmt":"2015-10-22T14:34:37","guid":{"rendered":"http:\/\/test.kriesi.at\/construction\/?page_id=113"},"modified":"2025-01-14T15:06:22","modified_gmt":"2025-01-14T15:06:22","slug":"architecture","status":"publish","type":"page","link":"https:\/\/www.60plusriggisberg.ch\/?page_id=113","title":{"rendered":"Wandern"},"content":{"rendered":"<div  class='avia-slideshow av-26brnt-c570c14760a78019125d55ffb77d2380 avia-slideshow-featured_large av_slideshow avia-fade-slider  avia-builder-el-0  el_before_av_one_full  avia-builder-el-first  av-slideshow-ui av-control-hidden av-no-slider-navigation av-hide-nav-arrows av-slideshow-autoplay av-loop-endless av-loop-manual-endless av-default-height-applied avia-slideshow-1' data-slideshow-options=\"{&quot;animation&quot;:&quot;fade&quot;,&quot;autoplay&quot;:true,&quot;loop_autoplay&quot;:&quot;endless&quot;,&quot;interval&quot;:5,&quot;loop_manual&quot;:&quot;manual-endless&quot;,&quot;autoplay_stopper&quot;:false,&quot;noNavigation&quot;:true,&quot;bg_slider&quot;:false,&quot;keep_padding&quot;:false,&quot;hoverpause&quot;:false,&quot;show_slide_delay&quot;:0}\"  itemprop=\"image\" itemscope=\"itemscope\" itemtype=\"https:\/\/schema.org\/ImageObject\" ><ul class='avia-slideshow-inner ' style='padding-bottom: 24%;'><li  class='avia-slideshow-slide av-26brnt-c570c14760a78019125d55ffb77d2380__0  slide-1 slide-odd'><div data-rel='slideshow-1' class='avia-slide-wrap '   ><img decoding=\"async\" fetchpriority=\"high\" class=\"wp-image-57 avia-img-lazy-loading-not-57\"  src=\"https:\/\/www.60plusriggisberg.ch\/wp-content\/uploads\/2016\/09\/sr_wanderer03_1250.jpg\" width=\"1250\" height=\"300\" title='unsere Wandergruppe in der Region Gantrisch' alt=''  itemprop=\"thumbnailUrl\" srcset=\"https:\/\/www.60plusriggisberg.ch\/wp-content\/uploads\/2016\/09\/sr_wanderer03_1250.jpg 1250w, https:\/\/www.60plusriggisberg.ch\/wp-content\/uploads\/2016\/09\/sr_wanderer03_1250-300x72.jpg 300w, https:\/\/www.60plusriggisberg.ch\/wp-content\/uploads\/2016\/09\/sr_wanderer03_1250-768x184.jpg 768w, https:\/\/www.60plusriggisberg.ch\/wp-content\/uploads\/2016\/09\/sr_wanderer03_1250-1024x246.jpg 1024w, https:\/\/www.60plusriggisberg.ch\/wp-content\/uploads\/2016\/09\/sr_wanderer03_1250-1200x288.jpg 1200w\" sizes=\"(max-width: 1250px) 100vw, 1250px\" \/><\/div><\/li><li  class='avia-slideshow-slide av-26brnt-c570c14760a78019125d55ffb77d2380__1  slide-2 slide-even'><div data-rel='slideshow-1' class='avia-slide-wrap '   ><img decoding=\"async\" fetchpriority=\"high\" class=\"wp-image-56 avia-img-lazy-loading-not-56\"  src=\"https:\/\/www.60plusriggisberg.ch\/wp-content\/uploads\/2016\/09\/sr_wanderer02_1250.jpg\" width=\"1250\" height=\"300\" title='Unsere Wanderer am Ziel: Hohmattli 1794 m \u00fc.M.' alt=''  itemprop=\"thumbnailUrl\" srcset=\"https:\/\/www.60plusriggisberg.ch\/wp-content\/uploads\/2016\/09\/sr_wanderer02_1250.jpg 1250w, https:\/\/www.60plusriggisberg.ch\/wp-content\/uploads\/2016\/09\/sr_wanderer02_1250-300x72.jpg 300w, https:\/\/www.60plusriggisberg.ch\/wp-content\/uploads\/2016\/09\/sr_wanderer02_1250-768x184.jpg 768w, https:\/\/www.60plusriggisberg.ch\/wp-content\/uploads\/2016\/09\/sr_wanderer02_1250-1024x246.jpg 1024w, https:\/\/www.60plusriggisberg.ch\/wp-content\/uploads\/2016\/09\/sr_wanderer02_1250-1200x288.jpg 1200w\" sizes=\"(max-width: 1250px) 100vw, 1250px\" \/><\/div><\/li><li  class='avia-slideshow-slide av-26brnt-c570c14760a78019125d55ffb77d2380__2  slide-3 slide-odd'><div data-rel='slideshow-1' class='avia-slide-wrap '   ><img decoding=\"async\" fetchpriority=\"high\" class=\"wp-image-55 avia-img-lazy-loading-not-55\"  src=\"https:\/\/www.60plusriggisberg.ch\/wp-content\/uploads\/2016\/09\/sr_wanderer01_1250.jpg\" width=\"1250\" height=\"300\" title='Gruppenleiter Wandern: Erika und Urs Stoller' alt=''  itemprop=\"thumbnailUrl\" srcset=\"https:\/\/www.60plusriggisberg.ch\/wp-content\/uploads\/2016\/09\/sr_wanderer01_1250.jpg 1250w, https:\/\/www.60plusriggisberg.ch\/wp-content\/uploads\/2016\/09\/sr_wanderer01_1250-300x72.jpg 300w, https:\/\/www.60plusriggisberg.ch\/wp-content\/uploads\/2016\/09\/sr_wanderer01_1250-768x184.jpg 768w, https:\/\/www.60plusriggisberg.ch\/wp-content\/uploads\/2016\/09\/sr_wanderer01_1250-1024x246.jpg 1024w, https:\/\/www.60plusriggisberg.ch\/wp-content\/uploads\/2016\/09\/sr_wanderer01_1250-1200x288.jpg 1200w\" sizes=\"(max-width: 1250px) 100vw, 1250px\" \/><\/div><\/li><\/ul><div class='avia-slideshow-arrows avia-slideshow-controls' ><a href='#prev' class='prev-slide ' aria-hidden='true' data-av_icon='\ue87c' data-av_iconfont='entypo-fontello'  tabindex='-1'>Zur\u00fcck<\/a><a href='#next' class='next-slide ' aria-hidden='true' data-av_icon='\ue87d' data-av_iconfont='entypo-fontello'  tabindex='-1'>Weiter<\/a><\/div><\/div>\n\n<style type=\"text\/css\" data-created_by=\"avia_inline_auto\" id=\"style-css-av-1m0kcx-840fc9f459d5bba14a2acc5fc1aadb6a\">\n#top .flex_column.av-1m0kcx-840fc9f459d5bba14a2acc5fc1aadb6a{\nmargin-top:0px;\nmargin-bottom:0px;\n}\n.flex_column.av-1m0kcx-840fc9f459d5bba14a2acc5fc1aadb6a{\nborder-radius:0px 0px 0px 0px;\npadding:0px 0px 0px 0px;\n}\n.responsive #top #wrap_all .flex_column.av-1m0kcx-840fc9f459d5bba14a2acc5fc1aadb6a{\nmargin-top:0px;\nmargin-bottom:0px;\n}\n<\/style>\n<div  class='flex_column av-1m0kcx-840fc9f459d5bba14a2acc5fc1aadb6a av_one_full  avia-builder-el-1  el_after_av_slideshow  el_before_av_one_full  first flex_column_div av-animated-generic bottom-to-top av-zero-column-padding  '     ><p>\n<style type=\"text\/css\" data-created_by=\"avia_inline_auto\" id=\"style-css-av-1d9ijd-ac6b491520b8dd97424fcbdb0c07503b\">\n#top .av-special-heading.av-1d9ijd-ac6b491520b8dd97424fcbdb0c07503b{\npadding-bottom:0;\n}\nbody .av-special-heading.av-1d9ijd-ac6b491520b8dd97424fcbdb0c07503b .av-special-heading-tag .heading-char{\nfont-size:25px;\n}\n.av-special-heading.av-1d9ijd-ac6b491520b8dd97424fcbdb0c07503b .av-subheading{\nfont-size:15px;\n}\n<\/style>\n<div  class='av-special-heading av-1d9ijd-ac6b491520b8dd97424fcbdb0c07503b av-special-heading-h2 blockquote modern-quote  avia-builder-el-2  el_before_av_hr  avia-builder-el-first '><h2 class='av-special-heading-tag '  itemprop=\"headline\"  >Unsere Wanderungen<\/h2><div class=\"special-heading-border\"><div class=\"special-heading-inner-border\"><\/div><\/div><\/div><br \/>\n\n<style type=\"text\/css\" data-created_by=\"avia_inline_auto\" id=\"style-css-av-18z5ft-b572b1848632fe5f594fa219218b42aa\">\n#top .hr.av-18z5ft-b572b1848632fe5f594fa219218b42aa{\nmargin-top:10px;\nmargin-bottom:10px;\n}\n.hr.av-18z5ft-b572b1848632fe5f594fa219218b42aa .hr-inner{\nwidth:50px;\nborder-color:#2b0b28;\n}\n<\/style>\n<div  class='hr av-18z5ft-b572b1848632fe5f594fa219218b42aa hr-custom  avia-builder-el-3  el_after_av_heading  avia-builder-el-last  hr-left hr-icon-no'><span class='hr-inner inner-border-av-border-fat'><span class=\"hr-inner-style\"><\/span><\/span><\/div><\/p><\/div>\n\n<style type=\"text\/css\" data-created_by=\"avia_inline_auto\" id=\"style-css-av-12w5y9-3ec740a9dde5eacf0af6f19b0ca896b3\">\n#top .flex_column.av-12w5y9-3ec740a9dde5eacf0af6f19b0ca896b3{\nmargin-top:0px;\nmargin-bottom:0px;\n}\n.flex_column.av-12w5y9-3ec740a9dde5eacf0af6f19b0ca896b3{\nborder-radius:0px 0px 0px 0px;\npadding:0px 0px 0px 0px;\n}\n.responsive #top #wrap_all .flex_column.av-12w5y9-3ec740a9dde5eacf0af6f19b0ca896b3{\nmargin-top:0px;\nmargin-bottom:0px;\n}\n<\/style>\n<div  class='flex_column av-12w5y9-3ec740a9dde5eacf0af6f19b0ca896b3 av_one_full  avia-builder-el-4  el_after_av_one_full  el_before_av_one_full  first flex_column_div av-zero-column-padding  column-top-margin'     ><section  class='av_textblock_section av-wvr21-682e7550a1d2f24eb8844cceecfae617 '   itemscope=\"itemscope\" itemtype=\"https:\/\/schema.org\/CreativeWork\" ><div class='avia_textblock'  itemprop=\"text\" ><p><span style=\"color: rgba(51, 51, 51, 1); font-size: 14pt;\">Die Fortbewegung auf Schusters Rappen ist wohl die \u00e4lteste Sportart des Menschen \u00fcberhaupt. Sie ist zudem die billigste Gesundheitsf\u00fcrsorge die man sich denken kann.<\/span><span style=\"color: rgba(51, 51, 51, 1); font-size: 14pt;\"> Solange wir die M\u00f6glichkeit dazu haben, sollten wir sie nutzen.<\/span><\/p>\n<p><span style=\"color: rgba(51, 51, 51, 1); font-size: 14pt;\">Unsere Wanderungen stellen aber immer auch ein frohes gesellschaftliches Ereignis dar; zudem kommt auch hier der Gedankenaustausch nie zu kurz.<\/span><\/p>\n<p><span style=\"color: rgba(51, 51, 51, 1); font-size: 14pt;\">Nach dem Motto &#8222;das Wandern ist des M\u00fcllers Lust&#8220; \u00fcberrascht uns Urs Stoller mit erlebnisreichen Wandervorschl\u00e4gen.<\/span><\/p>\n<p><span style=\"color: rgba(51, 51, 51, 1); font-size: 14pt;\">Er freut sich, Sie kennen zu lernen.<\/span><\/p>\n<p><span style=\"font-size: 14pt;\"><strong>Urs Stoller<\/strong>, <span style=\"color: rgba(51, 51, 51, 1);\">Gruppenleiter, Tel.<\/span><strong> 079 341 04 80, <\/strong><a href=\"mailto:urs.stoller@60plusriggisberg.ch\">urs.stoller@60plusriggisberg.ch<\/a><\/span><\/p>\n<\/div><\/section><\/div>\n\n<style type=\"text\/css\" data-created_by=\"avia_inline_auto\" id=\"style-css-av-2pby1-47cde4948af1e8dfa53307443c0c331f\">\n.flex_column.av-2pby1-47cde4948af1e8dfa53307443c0c331f{\nborder-radius:0px 0px 0px 0px;\npadding:0px 0px 0px 0px;\n}\n<\/style>\n<div  class='flex_column av-2pby1-47cde4948af1e8dfa53307443c0c331f av_one_full  avia-builder-el-6  el_after_av_one_full  avia-builder-el-last  first flex_column_div av-animated-generic bottom-to-top av-zero-column-padding  column-top-margin'     ><div  class='togglecontainer av-862h-a417052e8f66b8b21911c8b095a634a8  avia-builder-el-7  avia-builder-el-no-sibling  toggle_close_all' >\n<section class='av_toggle_section av-umpl-1-1-1-1-424c38e9cd354efea0c37005c57da17f'  itemscope=\"itemscope\" itemtype=\"https:\/\/schema.org\/CreativeWork\" ><div role=\"tablist\" class=\"single_toggle\" data-tags=\"{Alle} \"  ><p id='toggle-toggle-id-1' data-fake-id='#toggle-id-1' class='toggler  activeTitle av-title-above '  itemprop=\"headline\"  role='tab' tabindex='0' aria-controls='toggle-id-1' data-slide-speed=\"200\" data-title=\"Wanderprogramm 2025\" data-title-open=\"\" data-aria_collapsed=\"Click to expand: Wanderprogramm 2025\" data-aria_expanded=\"Click to collapse: Wanderprogramm 2025\">Wanderprogramm 2025<span class=\"toggle_icon\"><span class=\"vert_icon\"><\/span><span class=\"hor_icon\"><\/span><\/span><\/p><div id='toggle-id-1' aria-labelledby='toggle-toggle-id-1' role='region' class='toggle_wrap  active_tc av-title-above' style='display:block;' ><div class='toggle_content invers-color '  itemprop=\"text\" ><p><span style=\"color: rgba(51, 51, 51, 1); font-size: 14pt;\">Wanderprogramm 2025<\/span><a href=\"https:\/\/www.60plusriggisberg.ch\/wp-content\/uploads\/2025\/01\/Wanderungen-2025.pdf\"><img loading=\"lazy\" decoding=\"async\" class=\"alignleft wp-image-2938 size-full\" src=\"https:\/\/www.60plusriggisberg.ch\/wp-content\/uploads\/2016\/12\/PDF_downlaod-e1490553309349.png\" alt=\"\" width=\"80\" height=\"79\" \/><\/a><\/p>\n<\/div><\/div><\/div><\/section>\n<section class='av_toggle_section av-umpl-1-37edc106c7512fa7bbaabdbb3ee638c7'  itemscope=\"itemscope\" itemtype=\"https:\/\/schema.org\/CreativeWork\" ><div role=\"tablist\" class=\"single_toggle\" data-tags=\"{Alle} \"  ><p id='toggle-toggle-id-2' data-fake-id='#toggle-id-2' class='toggler  av-title-above '  itemprop=\"headline\"  role='tab' tabindex='0' aria-controls='toggle-id-2' data-slide-speed=\"200\" data-title=\"Unsere Wanderungen 2024: ein R\u00fcckblick\" data-title-open=\"\" data-aria_collapsed=\"Click to expand: Unsere Wanderungen 2024: ein R\u00fcckblick\" data-aria_expanded=\"Click to collapse: Unsere Wanderungen 2024: ein R\u00fcckblick\">Unsere Wanderungen 2024: ein R\u00fcckblick<span class=\"toggle_icon\"><span class=\"vert_icon\"><\/span><span class=\"hor_icon\"><\/span><\/span><\/p><div id='toggle-id-2' aria-labelledby='toggle-toggle-id-2' role='region' class='toggle_wrap  av-title-above'  ><div class='toggle_content invers-color '  itemprop=\"text\" ><p><span style=\"color: rgba(51, 51, 51, 1); font-size: 14pt;\">unsere Wanderungen 2024 ein R\u00fcckblick<\/span><a href=\"https:\/\/www.60plusriggisberg.ch\/wp-content\/uploads\/2025\/01\/Jahresrueckblick-2024-U.-Stoller.pdf\"><img loading=\"lazy\" decoding=\"async\" class=\"alignleft wp-image-2938 size-full\" src=\"https:\/\/www.60plusriggisberg.ch\/wp-content\/uploads\/2016\/12\/PDF_downlaod-e1490553309349.png\" alt=\"\" width=\"80\" height=\"79\" \/><\/a><\/p>\n<\/div><\/div><\/div><\/section>\n<section class='av_toggle_section av-umpl-1-1-644e0a3c0327ce2e9f4308b0eda25310'  itemscope=\"itemscope\" itemtype=\"https:\/\/schema.org\/CreativeWork\" ><div role=\"tablist\" class=\"single_toggle\" data-tags=\"{Alle} \"  ><p id='toggle-toggle-id-3' data-fake-id='#toggle-id-3' class='toggler  av-title-above '  itemprop=\"headline\"  role='tab' tabindex='0' aria-controls='toggle-id-3' data-slide-speed=\"200\" data-title=\"Unsere Wanderungen 2023: ein R\u00fcckblick\" data-title-open=\"\" data-aria_collapsed=\"Click to expand: Unsere Wanderungen 2023: ein R\u00fcckblick\" data-aria_expanded=\"Click to collapse: Unsere Wanderungen 2023: ein R\u00fcckblick\">Unsere Wanderungen 2023: ein R\u00fcckblick<span class=\"toggle_icon\"><span class=\"vert_icon\"><\/span><span class=\"hor_icon\"><\/span><\/span><\/p><div id='toggle-id-3' aria-labelledby='toggle-toggle-id-3' role='region' class='toggle_wrap  av-title-above'  ><div class='toggle_content invers-color '  itemprop=\"text\" ><p><span style=\"color: rgba(51, 51, 51, 1); font-size: 14pt;\">R\u00fcckblick Wanderungen 2023<\/span><a href=\"https:\/\/www.60plusriggisberg.ch\/wp-content\/uploads\/2024\/02\/Jahresrueckblick-2023.pdf\"><img loading=\"lazy\" decoding=\"async\" class=\"alignleft wp-image-2938 size-full\" src=\"https:\/\/www.60plusriggisberg.ch\/wp-content\/uploads\/2016\/12\/PDF_downlaod-e1490553309349.png\" alt=\"\" width=\"80\" height=\"79\" \/><\/a><\/p>\n<\/div><\/div><\/div><\/section>\n<section class='av_toggle_section av-umpl-8617d4fc5ec1a4549417fc058ac3f733'  itemscope=\"itemscope\" itemtype=\"https:\/\/schema.org\/CreativeWork\" ><div role=\"tablist\" class=\"single_toggle\" data-tags=\"{Alle} \"  ><p id='toggle-toggle-id-4' data-fake-id='#toggle-id-4' class='toggler  av-title-above '  itemprop=\"headline\"  role='tab' tabindex='0' aria-controls='toggle-id-4' data-slide-speed=\"200\" data-title=\"Unsere Wanderungen 2022: ein R\u00fcckblick\" data-title-open=\"\" data-aria_collapsed=\"Click to expand: Unsere Wanderungen 2022: ein R\u00fcckblick\" data-aria_expanded=\"Click to collapse: Unsere Wanderungen 2022: ein R\u00fcckblick\">Unsere Wanderungen 2022: ein R\u00fcckblick<span class=\"toggle_icon\"><span class=\"vert_icon\"><\/span><span class=\"hor_icon\"><\/span><\/span><\/p><div id='toggle-id-4' aria-labelledby='toggle-toggle-id-4' role='region' class='toggle_wrap  av-title-above'  ><div class='toggle_content invers-color '  itemprop=\"text\" ><p><span style=\"color: rgba(51, 51, 51, 1); font-size: 14pt;\">R\u00fcckblick Wanderungen 2022<\/span><a href=\"https:\/\/www.60plusriggisberg.ch\/wp-content\/uploads\/2022\/11\/Wanderungen-2022-Rueckblick.pdf\"><img loading=\"lazy\" decoding=\"async\" class=\"alignleft wp-image-2938 size-full\" src=\"https:\/\/www.60plusriggisberg.ch\/wp-content\/uploads\/2016\/12\/PDF_downlaod-e1490553309349.png\" alt=\"\" width=\"80\" height=\"79\" \/><\/a><\/p>\n<\/div><\/div><\/div><\/section>\n<section class='av_toggle_section av-umpl-2-a3d30a8642a3a7108ed3e7af5263d5d5'  itemscope=\"itemscope\" itemtype=\"https:\/\/schema.org\/CreativeWork\" ><div role=\"tablist\" class=\"single_toggle\" data-tags=\"{Alle} \"  ><p id='toggle-toggle-id-5' data-fake-id='#toggle-id-5' class='toggler  av-title-above '  itemprop=\"headline\"  role='tab' tabindex='0' aria-controls='toggle-id-5' data-slide-speed=\"200\" data-title=\"Unsere Wanderungen 2020\/2021: ein R\u00fcckblick\" data-title-open=\"\" data-aria_collapsed=\"Click to expand: Unsere Wanderungen 2020\/2021: ein R\u00fcckblick\" data-aria_expanded=\"Click to collapse: Unsere Wanderungen 2020\/2021: ein R\u00fcckblick\">Unsere Wanderungen 2020\/2021: ein R\u00fcckblick<span class=\"toggle_icon\"><span class=\"vert_icon\"><\/span><span class=\"hor_icon\"><\/span><\/span><\/p><div id='toggle-id-5' aria-labelledby='toggle-toggle-id-5' role='region' class='toggle_wrap  av-title-above'  ><div class='toggle_content invers-color '  itemprop=\"text\" ><p><span style=\"color: rgba(51, 51, 51, 1); font-size: 14pt;\">R\u00fcckblick Wanderungen 2020\/2021<\/span><a href=\"https:\/\/www.60plusriggisberg.ch\/wp-content\/uploads\/2021\/11\/Wanderbericht-von-Urs-Stoller-Nov.-2021-1-1.pdf\"><img loading=\"lazy\" decoding=\"async\" class=\"alignleft wp-image-2938 size-full\" src=\"https:\/\/www.60plusriggisberg.ch\/wp-content\/uploads\/2016\/12\/PDF_downlaod-e1490553309349.png\" alt=\"\" width=\"80\" height=\"79\" \/><\/a><\/p>\n<\/div><\/div><\/div><\/section>\n<section class='av_toggle_section av-umpl-1-1-1-cbde4ee0aca2e15549fa5586b1e4b2d0'  itemscope=\"itemscope\" itemtype=\"https:\/\/schema.org\/CreativeWork\" ><div role=\"tablist\" class=\"single_toggle\" data-tags=\"{Alle} \"  ><p id='toggle-toggle-id-6' data-fake-id='#toggle-id-6' class='toggler  av-title-above '  itemprop=\"headline\"  role='tab' tabindex='0' aria-controls='toggle-id-6' data-slide-speed=\"200\" data-title=\"Unsere Wanderungen 2018: ein R\u00fcckblick\" data-title-open=\"\" data-aria_collapsed=\"Click to expand: Unsere Wanderungen 2018: ein R\u00fcckblick\" data-aria_expanded=\"Click to collapse: Unsere Wanderungen 2018: ein R\u00fcckblick\">Unsere Wanderungen 2018: ein R\u00fcckblick<span class=\"toggle_icon\"><span class=\"vert_icon\"><\/span><span class=\"hor_icon\"><\/span><\/span><\/p><div id='toggle-id-6' aria-labelledby='toggle-toggle-id-6' role='region' class='toggle_wrap  av-title-above'  ><div class='toggle_content invers-color '  itemprop=\"text\" ><p><span style=\"color: rgba(51, 51, 51, 1); font-size: 14pt;\">R\u00fcckblick Wanderungen 2018<\/span><a href=\"https:\/\/www.60plusriggisberg.ch\/wp-content\/uploads\/2018\/11\/Wanderbericht-Urs-Stoller.pdf\"><img loading=\"lazy\" decoding=\"async\" class=\"alignleft wp-image-2938 size-full\" src=\"https:\/\/www.60plusriggisberg.ch\/wp-content\/uploads\/2016\/12\/PDF_downlaod-e1490553309349.png\" alt=\"\" width=\"80\" height=\"79\" \/><\/a><\/p>\n<\/div><\/div><\/div><\/section>\n<\/div><\/div>\n","protected":false},"excerpt":{"rendered":"","protected":false},"author":1,"featured_media":0,"parent":255,"menu_order":0,"comment_status":"closed","ping_status":"closed","template":"","meta":{"footnotes":""},"class_list":["post-113","page","type-page","status-publish","hentry"],"aioseo_notices":[],"_links":{"self":[{"href":"https:\/\/www.60plusriggisberg.ch\/index.php?rest_route=\/wp\/v2\/pages\/113","targetHints":{"allow":["GET"]}}],"collection":[{"href":"https:\/\/www.60plusriggisberg.ch\/index.php?rest_route=\/wp\/v2\/pages"}],"about":[{"href":"https:\/\/www.60plusriggisberg.ch\/index.php?rest_route=\/wp\/v2\/types\/page"}],"author":[{"embeddable":true,"href":"https:\/\/www.60plusriggisberg.ch\/index.php?rest_route=\/wp\/v2\/users\/1"}],"replies":[{"embeddable":true,"href":"https:\/\/www.60plusriggisberg.ch\/index.php?rest_route=%2Fwp%2Fv2%2Fcomments&post=113"}],"version-history":[{"count":66,"href":"https:\/\/www.60plusriggisberg.ch\/index.php?rest_route=\/wp\/v2\/pages\/113\/revisions"}],"predecessor-version":[{"id":7737,"href":"https:\/\/www.60plusriggisberg.ch\/index.php?rest_route=\/wp\/v2\/pages\/113\/revisions\/7737"}],"up":[{"embeddable":true,"href":"https:\/\/www.60plusriggisberg.ch\/index.php?rest_route=\/wp\/v2\/pages\/255"}],"wp:attachment":[{"href":"https:\/\/www.60plusriggisberg.ch\/index.php?rest_route=%2Fwp%2Fv2%2Fmedia&parent=113"}],"curies":[{"name":"wp","href":"https:\/\/api.w.org\/{rel}","templated":true}]}}